{"id":2898,"date":"2021-07-03T16:12:45","date_gmt":"2021-07-03T16:12:45","guid":{"rendered":"https:\/\/das-kreative-buero.fuelmedia.de\/?page_id=2898"},"modified":"2021-07-03T16:13:42","modified_gmt":"2021-07-03T16:13:42","slug":"haftungsausschluss","status":"publish","type":"page","link":"http:\/\/goldberg-tech.de\/en\/haftungsausschluss\/","title":{"rendered":"Disclaimer"},"content":{"rendered":"<h4 class=\"wp-block-heading\">HAFTUNGSAUSSCHLUSS (DISCLAIMER)<\/h4>\n\n\n\n<p><strong>Content liability<\/strong><\/p>\n\n\n\n<p>Als Diensteanbieter sind wir gem\u00e4\u00df \u00a7 7 Abs.1 TMG f\u00fcr eigene Inhalte auf diesen Seiten nach den allgemeinen Gesetzen verantwortlich. Nach \u00a7\u00a7 8 bis 10 TMG sind wir als Dienstanbieter jedoch nicht verpflichtet, \u00fcbermittelte oder gespeicherte fremde Informationen zu \u00fcberwachen oder nach Umst\u00e4nden zu forschen, die auf eine rechtswidrige T\u00e4tigkeit hinweisen. Verpflichtungen zur Entfernung oder Sperrung der Nutzung von Informationen nach den allgemeinen Gesetzen bleiben hiervon unber\u00fchrt. Eine diesbez\u00fcgliche Haftung ist jedoch erst ab dem Zeitpunkt der Kenntnis einer konkreten Rechtsverletzung m\u00f6glich. Bei Bekanntwerden von entsprechenden Rechtsverletzungen werden wir diese Inhalte umgehend entfernen.<\/p>\n\n\n\n<p><strong>Link liability<\/strong><\/p>\n\n\n\n<p>Our offer contains links to external websites of third parties, on whose contents we have no influence. Therefore, we cannot assume any liability for these external contents. The respective provider or operator of the pages is always responsible for the content of the linked pages. The linked pages were checked for possible legal violations at the time of linking. Illegal contents were not recognizable at the time of linking. However, a permanent control of the contents of the linked pages is not reasonable without concrete evidence of a violation of the law. If we become aware of any infringements, we will remove such links immediately.<\/p>\n\n\n\n<p><strong>Copyright<\/strong><\/p>\n\n\n\n<p>The content and works created by the site operators on these pages are subject to German copyright law. The reproduction, editing, distribution and any kind of exploitation outside the limits of copyright require the written consent of the respective author or creator. Downloads and copies of this site are only permitted for private, non-commercial use. Insofar as the content on this site was not created by the operator, the copyrights of third parties are respected. In particular, third-party content is identified as such. Should you nevertheless become aware of a copyright infringement, please inform us accordingly. If we become aware of any infringements, we will remove such content immediately.<\/p>","protected":false},"excerpt":{"rendered":"<p>HAFTUNGSAUSSCHLUSS (DISCLAIMER) Haftung f\u00fcr Inhalte Als Diensteanbieter sind wir gem\u00e4\u00df \u00a7 7 Abs.1 TMG f\u00fcr eigene Inhalte auf diesen Seiten nach den allgemeinen Gesetzen verantwortlich. Nach \u00a7\u00a7 8 bis 10 TMG sind wir als Dienstanbieter jedoch nicht verpflichtet, \u00fcbermittelte oder gespeicherte fremde Informationen zu \u00fcberwachen oder nach Umst\u00e4nden zu forschen, die auf eine rechtswidrige T\u00e4tigkeit &hellip;<\/p>\n<p class=\"read-more\"> <a class=\"\" href=\"http:\/\/goldberg-tech.de\/en\/haftungsausschluss\/\"> <span class=\"screen-reader-text\">Disclaimer<\/span> Read More &raquo;<\/a><\/p>","protected":false},"author":3,"featured_media":0,"parent":0,"menu_order":0,"comment_status":"closed","ping_status":"closed","template":"","meta":{"footnotes":""},"class_list":["post-2898","page","type-page","status-publish","hentry"],"yoast_head":"<!-- This site is optimized with the Yoast SEO plugin v21.5 - https:\/\/yoast.com\/wordpress\/plugins\/seo\/ -->\n<title>Haftungsausschluss - IHRE IDEE IST UNSERE LEIDENSCHAFT!<\/title>\n<meta name=\"robots\" content=\"index, follow, max-snippet:-1, max-image-preview:large, max-video-preview:-1\" \/>\n<link rel=\"canonical\" href=\"https:\/\/goldberg-tech.de\/en\/haftungsausschluss\/\" \/>\n<meta property=\"og:locale\" content=\"en_US\" \/>\n<meta property=\"og:type\" content=\"article\" \/>\n<meta property=\"og:title\" content=\"Haftungsausschluss - IHRE IDEE IST UNSERE LEIDENSCHAFT!\" \/>\n<meta property=\"og:description\" content=\"HAFTUNGSAUSSCHLUSS (DISCLAIMER) Haftung f\u00fcr Inhalte Als Diensteanbieter sind wir gem\u00e4\u00df \u00a7 7 Abs.1 TMG f\u00fcr eigene Inhalte auf diesen Seiten nach den allgemeinen Gesetzen verantwortlich. Nach \u00a7\u00a7 8 bis 10 TMG sind wir als Dienstanbieter jedoch nicht verpflichtet, \u00fcbermittelte oder gespeicherte fremde Informationen zu \u00fcberwachen oder nach Umst\u00e4nden zu forschen, die auf eine rechtswidrige T\u00e4tigkeit &hellip; Haftungsausschluss Read More &raquo;\" \/>\n<meta property=\"og:url\" content=\"https:\/\/goldberg-tech.de\/en\/haftungsausschluss\/\" \/>\n<meta property=\"og:site_name\" content=\"IHRE IDEE IST UNSERE LEIDENSCHAFT!\" \/>\n<meta property=\"article:publisher\" content=\"https:\/\/www.facebook.com\/goldbergtech\" \/>\n<meta property=\"article:modified_time\" content=\"2021-07-03T16:13:42+00:00\" \/>\n<meta name=\"twitter:card\" content=\"summary_large_image\" \/>\n<meta name=\"twitter:label1\" content=\"Est. reading time\" \/>\n\t<meta name=\"twitter:data1\" content=\"2 minutes\" \/>\n<script type=\"application\/ld+json\" class=\"yoast-schema-graph\">{\"@context\":\"https:\/\/schema.org\",\"@graph\":[{\"@type\":\"WebPage\",\"@id\":\"https:\/\/goldberg-tech.de\/haftungsausschluss\/\",\"url\":\"https:\/\/goldberg-tech.de\/haftungsausschluss\/\",\"name\":\"Haftungsausschluss - IHRE IDEE IST UNSERE LEIDENSCHAFT!\",\"isPartOf\":{\"@id\":\"https:\/\/goldberg-tech.de\/#website\"},\"datePublished\":\"2021-07-03T16:12:45+00:00\",\"dateModified\":\"2021-07-03T16:13:42+00:00\",\"breadcrumb\":{\"@id\":\"https:\/\/goldberg-tech.de\/haftungsausschluss\/#breadcrumb\"},\"inLanguage\":\"en-US\",\"potentialAction\":[{\"@type\":\"ReadAction\",\"target\":[\"https:\/\/goldberg-tech.de\/haftungsausschluss\/\"]}]},{\"@type\":\"BreadcrumbList\",\"@id\":\"https:\/\/goldberg-tech.de\/haftungsausschluss\/#breadcrumb\",\"itemListElement\":[{\"@type\":\"ListItem\",\"position\":1,\"name\":\"Startseite\",\"item\":\"https:\/\/goldberg-tech.de\/\"},{\"@type\":\"ListItem\",\"position\":2,\"name\":\"Haftungsausschluss\"}]},{\"@type\":\"WebSite\",\"@id\":\"https:\/\/goldberg-tech.de\/#website\",\"url\":\"https:\/\/goldberg-tech.de\/\",\"name\":\"IHRE IDEE IST UNSERE LEIDENSCHAFT!\",\"description\":\"Goldberg\u00ae Ihre Idee ist unsere Leidenschaft\",\"publisher\":{\"@id\":\"https:\/\/goldberg-tech.de\/#organization\"},\"potentialAction\":[{\"@type\":\"SearchAction\",\"target\":{\"@type\":\"EntryPoint\",\"urlTemplate\":\"https:\/\/goldberg-tech.de\/?s={search_term_string}\"},\"query-input\":\"required name=search_term_string\"}],\"inLanguage\":\"en-US\"},{\"@type\":\"Organization\",\"@id\":\"https:\/\/goldberg-tech.de\/#organization\",\"name\":\"Tam Tools GmbH\",\"url\":\"https:\/\/goldberg-tech.de\/\",\"logo\":{\"@type\":\"ImageObject\",\"inLanguage\":\"en-US\",\"@id\":\"https:\/\/goldberg-tech.de\/#\/schema\/logo\/image\/\",\"url\":\"https:\/\/goldberg-tech.de\/wp-content\/uploads\/2021\/07\/logo.png\",\"contentUrl\":\"https:\/\/goldberg-tech.de\/wp-content\/uploads\/2021\/07\/logo.png\",\"width\":300,\"height\":90,\"caption\":\"Tam Tools GmbH\"},\"image\":{\"@id\":\"https:\/\/goldberg-tech.de\/#\/schema\/logo\/image\/\"},\"sameAs\":[\"https:\/\/www.facebook.com\/goldbergtech\",\"https:\/\/www.instagram.com\/goldberg_tech\/\",\"https:\/\/www.youtube.com\/channel\/UCQT_2EDKwKxRRtG4s9glrwg\"]}]}<\/script>\n<!-- \/ Yoast SEO plugin. -->","yoast_head_json":{"title":"Haftungsausschluss - IHRE IDEE IST UNSERE LEIDENSCHAFT!","robots":{"index":"index","follow":"follow","max-snippet":"max-snippet:-1","max-image-preview":"max-image-preview:large","max-video-preview":"max-video-preview:-1"},"canonical":"https:\/\/goldberg-tech.de\/en\/haftungsausschluss\/","og_locale":"en_US","og_type":"article","og_title":"Haftungsausschluss - IHRE IDEE IST UNSERE LEIDENSCHAFT!","og_description":"HAFTUNGSAUSSCHLUSS (DISCLAIMER) Haftung f\u00fcr Inhalte Als Diensteanbieter sind wir gem\u00e4\u00df \u00a7 7 Abs.1 TMG f\u00fcr eigene Inhalte auf diesen Seiten nach den allgemeinen Gesetzen verantwortlich. Nach \u00a7\u00a7 8 bis 10 TMG sind wir als Dienstanbieter jedoch nicht verpflichtet, \u00fcbermittelte oder gespeicherte fremde Informationen zu \u00fcberwachen oder nach Umst\u00e4nden zu forschen, die auf eine rechtswidrige T\u00e4tigkeit &hellip; Haftungsausschluss Read More &raquo;","og_url":"https:\/\/goldberg-tech.de\/en\/haftungsausschluss\/","og_site_name":"IHRE IDEE IST UNSERE LEIDENSCHAFT!","article_publisher":"https:\/\/www.facebook.com\/goldbergtech","article_modified_time":"2021-07-03T16:13:42+00:00","twitter_card":"summary_large_image","twitter_misc":{"Est. reading time":"2 minutes"},"schema":{"@context":"https:\/\/schema.org","@graph":[{"@type":"WebPage","@id":"https:\/\/goldberg-tech.de\/haftungsausschluss\/","url":"https:\/\/goldberg-tech.de\/haftungsausschluss\/","name":"Haftungsausschluss - IHRE IDEE IST UNSERE LEIDENSCHAFT!","isPartOf":{"@id":"https:\/\/goldberg-tech.de\/#website"},"datePublished":"2021-07-03T16:12:45+00:00","dateModified":"2021-07-03T16:13:42+00:00","breadcrumb":{"@id":"https:\/\/goldberg-tech.de\/haftungsausschluss\/#breadcrumb"},"inLanguage":"en-US","potentialAction":[{"@type":"ReadAction","target":["https:\/\/goldberg-tech.de\/haftungsausschluss\/"]}]},{"@type":"BreadcrumbList","@id":"https:\/\/goldberg-tech.de\/haftungsausschluss\/#breadcrumb","itemListElement":[{"@type":"ListItem","position":1,"name":"Startseite","item":"https:\/\/goldberg-tech.de\/"},{"@type":"ListItem","position":2,"name":"Haftungsausschluss"}]},{"@type":"WebSite","@id":"https:\/\/goldberg-tech.de\/#website","url":"https:\/\/goldberg-tech.de\/","name":"IHRE IDEE IST UNSERE LEIDENSCHAFT!","description":"Goldberg\u00ae Ihre Idee ist unsere Leidenschaft","publisher":{"@id":"https:\/\/goldberg-tech.de\/#organization"},"potentialAction":[{"@type":"SearchAction","target":{"@type":"EntryPoint","urlTemplate":"https:\/\/goldberg-tech.de\/?s={search_term_string}"},"query-input":"required name=search_term_string"}],"inLanguage":"en-US"},{"@type":"Organization","@id":"https:\/\/goldberg-tech.de\/#organization","name":"Tam Tools GmbH","url":"https:\/\/goldberg-tech.de\/","logo":{"@type":"ImageObject","inLanguage":"en-US","@id":"https:\/\/goldberg-tech.de\/#\/schema\/logo\/image\/","url":"https:\/\/goldberg-tech.de\/wp-content\/uploads\/2021\/07\/logo.png","contentUrl":"https:\/\/goldberg-tech.de\/wp-content\/uploads\/2021\/07\/logo.png","width":300,"height":90,"caption":"Tam Tools GmbH"},"image":{"@id":"https:\/\/goldberg-tech.de\/#\/schema\/logo\/image\/"},"sameAs":["https:\/\/www.facebook.com\/goldbergtech","https:\/\/www.instagram.com\/goldberg_tech\/","https:\/\/www.youtube.com\/channel\/UCQT_2EDKwKxRRtG4s9glrwg"]}]}},"jetpack_sharing_enabled":true,"_links":{"self":[{"href":"http:\/\/goldberg-tech.de\/en\/wp-json\/wp\/v2\/pages\/2898","targetHints":{"allow":["GET"]}}],"collection":[{"href":"http:\/\/goldberg-tech.de\/en\/wp-json\/wp\/v2\/pages"}],"about":[{"href":"http:\/\/goldberg-tech.de\/en\/wp-json\/wp\/v2\/types\/page"}],"author":[{"embeddable":true,"href":"http:\/\/goldberg-tech.de\/en\/wp-json\/wp\/v2\/users\/3"}],"replies":[{"embeddable":true,"href":"http:\/\/goldberg-tech.de\/en\/wp-json\/wp\/v2\/comments?post=2898"}],"version-history":[{"count":2,"href":"http:\/\/goldberg-tech.de\/en\/wp-json\/wp\/v2\/pages\/2898\/revisions"}],"predecessor-version":[{"id":2901,"href":"http:\/\/goldberg-tech.de\/en\/wp-json\/wp\/v2\/pages\/2898\/revisions\/2901"}],"wp:attachment":[{"href":"http:\/\/goldberg-tech.de\/en\/wp-json\/wp\/v2\/media?parent=2898"}],"curies":[{"name":"wp","href":"https:\/\/api.w.org\/{rel}","templated":true}]}}