{"id":2853,"date":"2021-07-03T14:16:33","date_gmt":"2021-07-03T14:16:33","guid":{"rendered":"https:\/\/das-kreative-buero.fuelmedia.de\/?page_id=2853"},"modified":"2024-09-24T12:48:15","modified_gmt":"2024-09-24T12:48:15","slug":"tam-unternehmensgruppe","status":"publish","type":"page","link":"https:\/\/goldberg-tech.de\/en\/tam-unternehmensgruppe\/","title":{"rendered":"company"},"content":{"rendered":"<div data-elementor-type=\"wp-page\" data-elementor-id=\"2853\" class=\"elementor elementor-2853\" data-elementor-post-type=\"page\">\n\t\t\t\t\t\t\t\t\t<section class=\"elementor-section elementor-top-section elementor-element elementor-element-976c673 elementor-section-boxed elementor-section-height-default elementor-section-height-default\" data-id=\"976c673\" data-element_type=\"section\">\n\t\t\t\t\t\t<div class=\"elementor-container elementor-column-gap-default\">\n\t\t\t\t\t<div class=\"elementor-column elementor-col-100 elementor-top-column elementor-element elementor-element-c61a5fe\" data-id=\"c61a5fe\" data-element_type=\"column\">\n\t\t\t<div class=\"elementor-widget-wrap elementor-element-populated\">\n\t\t\t\t\t\t\t\t<div class=\"elementor-element elementor-element-939eed7 elementor-widget elementor-widget-gallery\" data-id=\"939eed7\" data-element_type=\"widget\" data-settings=\"{&quot;gallery_layout&quot;:&quot;justified&quot;,&quot;gap&quot;:{&quot;unit&quot;:&quot;px&quot;,&quot;size&quot;:9,&quot;sizes&quot;:[]},&quot;image_hover_animation&quot;:&quot;grow&quot;,&quot;background_overlay_hover_animation&quot;:&quot;enter-zoom-in&quot;,&quot;content_hover_animation&quot;:&quot;enter-zoom-in&quot;,&quot;content_sequenced_animation&quot;:&quot;yes&quot;,&quot;lazyload&quot;:&quot;yes&quot;,&quot;ideal_row_height&quot;:{&quot;unit&quot;:&quot;px&quot;,&quot;size&quot;:200,&quot;sizes&quot;:[]},&quot;ideal_row_height_tablet&quot;:{&quot;unit&quot;:&quot;px&quot;,&quot;size&quot;:150,&quot;sizes&quot;:[]},&quot;ideal_row_height_mobile&quot;:{&quot;unit&quot;:&quot;px&quot;,&quot;size&quot;:150,&quot;sizes&quot;:[]},&quot;gap_tablet&quot;:{&quot;unit&quot;:&quot;px&quot;,&quot;size&quot;:10,&quot;sizes&quot;:[]},&quot;gap_mobile&quot;:{&quot;unit&quot;:&quot;px&quot;,&quot;size&quot;:10,&quot;sizes&quot;:[]},&quot;link_to&quot;:&quot;file&quot;,&quot;overlay_background&quot;:&quot;yes&quot;}\" data-widget_type=\"gallery.default\">\n\t\t\t\t<div class=\"elementor-widget-container\">\n\t\t\t\t\t<div class=\"elementor-gallery__container\">\n\t\t\t\t\t\t\t<a class=\"e-gallery-item elementor-gallery-item elementor-animated-content\" href=\"https:\/\/goldberg-tech.de\/wp-content\/uploads\/2021\/07\/firm.jpg\" data-elementor-open-lightbox=\"yes\" data-elementor-lightbox-slideshow=\"939eed7\" data-elementor-lightbox-title=\"Firmengeb\u00e4ude\" data-e-action-hash=\"#elementor-action%3Aaction%3Dlightbox%26settings%3DeyJpZCI6Mjg3OCwidXJsIjoiaHR0cHM6XC9cL2dvbGRiZXJnLXRlY2guZGVcL3dwLWNvbnRlbnRcL3VwbG9hZHNcLzIwMjFcLzA3XC9maXJtLmpwZyIsInNsaWRlc2hvdyI6IjkzOWVlZDcifQ%3D%3D\">\n\t\t\t\t\t<div class=\"e-gallery-image elementor-gallery-item__image\" data-thumbnail=\"https:\/\/goldberg-tech.de\/wp-content\/uploads\/2021\/07\/firm-1024x263.jpg\" data-width=\"1024\" data-height=\"263\" aria-label=\"Firmengeb\u00e4ude\" role=\"img\" ><\/div>\n\t\t\t\t\t\t\t\t\t\t\t<div class=\"elementor-gallery-item__overlay\"><\/div>\n\t\t\t\t\t\t\t\t\t\t\t\t\t\t<\/a>\n\t\t\t\t\t\t\t<a class=\"e-gallery-item elementor-gallery-item elementor-animated-content\" href=\"https:\/\/goldberg-tech.de\/wp-content\/uploads\/2021\/07\/messe2.jpg\" data-elementor-open-lightbox=\"yes\" data-elementor-lightbox-slideshow=\"939eed7\" data-elementor-lightbox-title=\"Messe Intec Vitrinen\" data-e-action-hash=\"#elementor-action%3Aaction%3Dlightbox%26settings%3DeyJpZCI6MzkzMCwidXJsIjoiaHR0cHM6XC9cL2dvbGRiZXJnLXRlY2guZGVcL3dwLWNvbnRlbnRcL3VwbG9hZHNcLzIwMjFcLzA3XC9tZXNzZTIuanBnIiwic2xpZGVzaG93IjoiOTM5ZWVkNyJ9\">\n\t\t\t\t\t<div class=\"e-gallery-image elementor-gallery-item__image\" data-thumbnail=\"https:\/\/goldberg-tech.de\/wp-content\/uploads\/2021\/07\/messe2.jpg\" data-width=\"667\" data-height=\"500\" aria-label=\"Messe Intec Vitrinen\" role=\"img\" ><\/div>\n\t\t\t\t\t\t\t\t\t\t\t<div class=\"elementor-gallery-item__overlay\"><\/div>\n\t\t\t\t\t\t\t\t\t\t\t\t\t\t<\/a>\n\t\t\t\t\t\t\t<a class=\"e-gallery-item elementor-gallery-item elementor-animated-content\" href=\"https:\/\/goldberg-tech.de\/wp-content\/uploads\/2021\/07\/messe3.jpg\" data-elementor-open-lightbox=\"yes\" data-elementor-lightbox-slideshow=\"939eed7\" data-elementor-lightbox-title=\"Messe Intec Stand\" data-e-action-hash=\"#elementor-action%3Aaction%3Dlightbox%26settings%3DeyJpZCI6Mzk1NCwidXJsIjoiaHR0cHM6XC9cL2dvbGRiZXJnLXRlY2guZGVcL3dwLWNvbnRlbnRcL3VwbG9hZHNcLzIwMjFcLzA3XC9tZXNzZTMuanBnIiwic2xpZGVzaG93IjoiOTM5ZWVkNyJ9\">\n\t\t\t\t\t<div class=\"e-gallery-image elementor-gallery-item__image\" data-thumbnail=\"https:\/\/goldberg-tech.de\/wp-content\/uploads\/2021\/07\/messe3.jpg\" data-width=\"579\" data-height=\"500\" aria-label=\"Messe Intec Stand\" role=\"img\" ><\/div>\n\t\t\t\t\t\t\t\t\t\t\t<div class=\"elementor-gallery-item__overlay\"><\/div>\n\t\t\t\t\t\t\t\t\t\t\t\t\t\t<\/a>\n\t\t\t\t\t\t\t<a class=\"e-gallery-item elementor-gallery-item elementor-animated-content\" href=\"https:\/\/goldberg-tech.de\/wp-content\/uploads\/2021\/07\/lasern.jpg\" data-elementor-open-lightbox=\"yes\" data-elementor-lightbox-slideshow=\"939eed7\" data-elementor-lightbox-title=\"Lohnarbeit Laserbeschriftung\" data-e-action-hash=\"#elementor-action%3Aaction%3Dlightbox%26settings%3DeyJpZCI6MzkyOCwidXJsIjoiaHR0cHM6XC9cL2dvbGRiZXJnLXRlY2guZGVcL3dwLWNvbnRlbnRcL3VwbG9hZHNcLzIwMjFcLzA3XC9sYXNlcm4uanBnIiwic2xpZGVzaG93IjoiOTM5ZWVkNyJ9\">\n\t\t\t\t\t<div class=\"e-gallery-image elementor-gallery-item__image\" data-thumbnail=\"https:\/\/goldberg-tech.de\/wp-content\/uploads\/2021\/07\/lasern.jpg\" data-width=\"667\" data-height=\"500\" aria-label=\"Lohnarbeit Laserbeschriftung\" role=\"img\" ><\/div>\n\t\t\t\t\t\t\t\t\t\t\t<div class=\"elementor-gallery-item__overlay\"><\/div>\n\t\t\t\t\t\t\t\t\t\t\t\t\t\t<\/a>\n\t\t\t\t\t\t\t<a class=\"e-gallery-item elementor-gallery-item elementor-animated-content\" href=\"https:\/\/goldberg-tech.de\/wp-content\/uploads\/2021\/07\/individual-Freistiche-fuer-hartmetallfraeser.jpg\" data-elementor-open-lightbox=\"yes\" data-elementor-lightbox-slideshow=\"939eed7\" data-elementor-lightbox-title=\"Individuell Halsfreischliff f\u00fcr Hartmetallfr\u00e4ser\" data-e-action-hash=\"#elementor-action%3Aaction%3Dlightbox%26settings%3DeyJpZCI6NDAxNiwidXJsIjoiaHR0cHM6XC9cL2dvbGRiZXJnLXRlY2guZGVcL3dwLWNvbnRlbnRcL3VwbG9hZHNcLzIwMjFcLzA3XC9pbmRpdmlkdWFsLUZyZWlzdGljaGUtZnVlci1oYXJ0bWV0YWxsZnJhZXNlci5qcGciLCJzbGlkZXNob3ciOiI5MzllZWQ3In0%3D\">\n\t\t\t\t\t<div class=\"e-gallery-image elementor-gallery-item__image\" data-thumbnail=\"https:\/\/goldberg-tech.de\/wp-content\/uploads\/2021\/07\/individual-Freistiche-fuer-hartmetallfraeser.jpg\" data-width=\"667\" data-height=\"500\" aria-label=\"Individuell Halsfreischliff f\u00fcr Hartmetallfr\u00e4ser\" role=\"img\" ><\/div>\n\t\t\t\t\t\t\t\t\t\t\t<div class=\"elementor-gallery-item__overlay\"><\/div>\n\t\t\t\t\t\t\t\t\t\t\t\t\t\t<\/a>\n\t\t\t\t\t\t\t<a class=\"e-gallery-item elementor-gallery-item elementor-animated-content\" href=\"https:\/\/goldberg-tech.de\/wp-content\/uploads\/2021\/07\/kontrolle.jpg\" data-elementor-open-lightbox=\"yes\" data-elementor-lightbox-slideshow=\"939eed7\" data-elementor-lightbox-title=\"Endkontrolle\/sichtpr\u00fcfen\/labeln\/verpacken\" data-e-action-hash=\"#elementor-action%3Aaction%3Dlightbox%26settings%3DeyJpZCI6NDAyNiwidXJsIjoiaHR0cHM6XC9cL2dvbGRiZXJnLXRlY2guZGVcL3dwLWNvbnRlbnRcL3VwbG9hZHNcLzIwMjFcLzA3XC9rb250cm9sbGUuanBnIiwic2xpZGVzaG93IjoiOTM5ZWVkNyJ9\">\n\t\t\t\t\t<div class=\"e-gallery-image elementor-gallery-item__image\" data-thumbnail=\"https:\/\/goldberg-tech.de\/wp-content\/uploads\/2021\/07\/kontrolle.jpg\" data-width=\"917\" data-height=\"500\" aria-label=\"Endkontrolle\/sichtpr\u00fcfen\/labeln\/verpacken\" role=\"img\" ><\/div>\n\t\t\t\t\t\t\t\t\t\t\t<div class=\"elementor-gallery-item__overlay\"><\/div>\n\t\t\t\t\t\t\t\t\t\t\t\t\t\t<\/a>\n\t\t\t\t\t\t\t<a class=\"e-gallery-item elementor-gallery-item elementor-animated-content\" href=\"https:\/\/goldberg-tech.de\/wp-content\/uploads\/2021\/07\/individuelle-Freistichlaenge-fuer-wendeschneidplatten.jpg\" data-elementor-open-lightbox=\"yes\" data-elementor-lightbox-slideshow=\"939eed7\" data-elementor-lightbox-title=\"Individueller Halsfreischliff f\u00fcr Wendeplatten-Schaftfr\u00e4ser\" data-e-action-hash=\"#elementor-action%3Aaction%3Dlightbox%26settings%3DeyJpZCI6NDAxNywidXJsIjoiaHR0cHM6XC9cL2dvbGRiZXJnLXRlY2guZGVcL3dwLWNvbnRlbnRcL3VwbG9hZHNcLzIwMjFcLzA3XC9pbmRpdmlkdWVsbGUtRnJlaXN0aWNobGFlbmdlLWZ1ZXItd2VuZGVzY2huZWlkcGxhdHRlbi5qcGciLCJzbGlkZXNob3ciOiI5MzllZWQ3In0%3D\">\n\t\t\t\t\t<div class=\"e-gallery-image elementor-gallery-item__image\" data-thumbnail=\"https:\/\/goldberg-tech.de\/wp-content\/uploads\/2021\/07\/individuelle-Freistichlaenge-fuer-wendeschneidplatten.jpg\" data-width=\"706\" data-height=\"500\" aria-label=\"Individueller Halsfreischliff f\u00fcr Wendeplatten-Schaftfr\u00e4ser\" role=\"img\" ><\/div>\n\t\t\t\t\t\t\t\t\t\t\t<div class=\"elementor-gallery-item__overlay\"><\/div>\n\t\t\t\t\t\t\t\t\t\t\t\t\t\t<\/a>\n\t\t\t\t\t<\/div>\n\t\t\t<\/div>\n\t\t\t\t<\/div>\n\t\t\t\t\t<\/div>\n\t\t<\/div>\n\t\t\t\t\t\t\t<\/div>\n\t\t<\/section>\n\t\t\t\t<section class=\"elementor-section elementor-top-section elementor-element elementor-element-f53f96b elementor-section-boxed elementor-section-height-default elementor-section-height-default\" data-id=\"f53f96b\" data-element_type=\"section\">\n\t\t\t\t\t\t<div class=\"elementor-container elementor-column-gap-default\">\n\t\t\t\t\t<div class=\"elementor-column elementor-col-50 elementor-top-column elementor-element elementor-element-0415550\" data-id=\"0415550\" data-element_type=\"column\">\n\t\t\t<div class=\"elementor-widget-wrap elementor-element-populated\">\n\t\t\t\t\t\t\t\t<div class=\"elementor-element elementor-element-dd42f01 elementor-widget elementor-widget-text-editor\" data-id=\"dd42f01\" data-element_type=\"widget\" data-widget_type=\"text-editor.default\">\n\t\t\t\t<div class=\"elementor-widget-container\">\n\t\t\t\t\t\t\t<div data-id=\"ccb1e63\" data-element_type=\"widget\" data-widget_type=\"heading.default\"><div><h1><b style=\"color: #3b7ab9; font-size: 24px; font-style: inherit;\">History of the company<\/b><\/h1><\/div><\/div><div data-id=\"653f0c9\" data-element_type=\"widget\" data-widget_type=\"text-editor.default\"><p>The TAM group of companies was founded in 1993 with headquarters in Germany and today has established itself with the brand <strong>GOLDBERG\u00ae<\/strong> excellently established on the market. Specialized in cutting tools, it stands internationally for the highest quality and precision.<\/p><p>We are very familiar with the requirements of the metalworking industry. You as a customer benefit from a high level of expertise. This is continuously incorporated into all solutions. Consistently reinforced by an internal quality control system that guarantees performance that meets the highest requirements.<\/p><p>The result of our innovative technology are products that are characterized by precise processing, unique wear resistance and thus excellent service life of your tools.<\/p><p><span style=\"color: #3b7ab9;\"> <b>Your advantage: many years of use, resulting in lower tooling costs and higher utilization of your production.<\/b><\/span><\/p><p>We are also your reliable partner when it comes to integration into your supply chain management: Our specially developed program <span style=\"color: #3b7ab9;\"><b>GOLDBERG\u00ae-XPRESS CARGO <\/b><\/span>serves to optimize cooperation with our and your logistics partners and ensures on-time, reliable delivery of the molds. This increases efficiency in your logistics - waiting times are avoided.<\/p><p>In addition to the highest level of performance and quality, a fair pricing policy is of course also one of our priorities.<br \/><strong><span style=\"color: #3b7ab9;\">Contact us - we are looking forward to your challenges!<\/span><\/strong><\/p><p>Current information can also be found on<a href=\"https:\/\/www.facebook.com\/goldbergtech\" target=\"_blank\" rel=\"noopener\">\u00a0Facebook<\/a>\u00a0Or\u00a0<a href=\"https:\/\/www.instagram.com\/goldberg_tech\/\" target=\"_blank\" rel=\"noopener\">Instagram <\/a>\u00a0Or <a href=\"https:\/\/www.linkedin.com\/company\/goldberg%C2%AE-tech\/\" target=\"_blank\" rel=\"noopener\">Linkedin<\/a> !<\/p><\/div>\t\t\t\t\t\t<\/div>\n\t\t\t\t<\/div>\n\t\t\t\t\t<\/div>\n\t\t<\/div>\n\t\t\t\t<div class=\"elementor-column elementor-col-50 elementor-top-column elementor-element elementor-element-1c21214\" data-id=\"1c21214\" data-element_type=\"column\">\n\t\t\t<div class=\"elementor-widget-wrap elementor-element-populated\">\n\t\t\t\t\t\t\t\t<div class=\"elementor-element elementor-element-816688e elementor-widget elementor-widget-video\" data-id=\"816688e\" data-element_type=\"widget\" data-settings=\"{&quot;play_on_mobile&quot;:&quot;yes&quot;,&quot;autoplay&quot;:&quot;yes&quot;,&quot;mute&quot;:&quot;yes&quot;,&quot;loop&quot;:&quot;yes&quot;,&quot;video_type&quot;:&quot;hosted&quot;,&quot;controls&quot;:&quot;yes&quot;}\" data-widget_type=\"video.default\">\n\t\t\t\t<div class=\"elementor-widget-container\">\n\t\t\t\t\t<div class=\"e-hosted-video elementor-wrapper elementor-open-inline\">\n\t\t\t\t\t<video class=\"elementor-video\" src=\"https:\/\/goldberg-tech.de\/wp-content\/uploads\/2022\/11\/Lohnarbeit-lasern.mp4\" autoplay=\"\" loop=\"\" controls=\"\" muted=\"muted\" playsinline=\"\" controlslist=\"nodownload\"><\/video>\n\t\t\t\t<\/div>\n\t\t\t\t<\/div>\n\t\t\t\t<\/div>\n\t\t\t\t\t<\/div>\n\t\t<\/div>\n\t\t\t\t\t\t\t<\/div>\n\t\t<\/section>\n\t\t\t\t\t\t\t<\/div>","protected":false},"excerpt":{"rendered":"<p>Die Geschichte des Unternehmens Die TAM-Firmengruppe wurde 1993 mit Firmensitz in Deutschland gegr\u00fcndet und hat sich heute mit der Marke GOLDBERG\u00ae hervorragend am Markt etabliert. Spezialisiert auf Zerspanungswerkzeuge steht sie dabei international f\u00fcr h\u00f6chste Qualit\u00e4t und Pr\u00e4zision. Wir sind mit den Anforderungen in der metallverarbeitenden Industrie bestens vertraut. Sie als Kunde profitieren von einem hohen &hellip;<\/p>\n<p class=\"read-more\"> <a class=\"\" href=\"https:\/\/goldberg-tech.de\/en\/tam-unternehmensgruppe\/\"> <span class=\"screen-reader-text\">company<\/span> Read More &raquo;<\/a><\/p>","protected":false},"author":3,"featured_media":0,"parent":0,"menu_order":0,"comment_status":"closed","ping_status":"closed","template":"","meta":{"footnotes":""},"class_list":["post-2853","page","type-page","status-publish","hentry"],"yoast_head":"<!-- This site is optimized with the Yoast SEO plugin v21.5 - https:\/\/yoast.com\/wordpress\/plugins\/seo\/ -->\n<title>Unternehmen - IHRE IDEE IST UNSERE LEIDENSCHAFT! Goldberg Tam tools GOLDBERG GOLDBERG TECH<\/title>\n<meta name=\"description\" content=\"Unser Unternehmen fertigt Pr\u00e4zisionswerkzeuge, die beim Drehen, Bohren und Fr\u00e4sen genau das richtige Ma\u00df treffen.\" \/>\n<meta name=\"robots\" content=\"index, follow, max-snippet:-1, max-image-preview:large, max-video-preview:-1\" \/>\n<link rel=\"canonical\" href=\"https:\/\/goldberg-tech.de\/en\/tam-unternehmensgruppe\/\" \/>\n<meta property=\"og:locale\" content=\"en_US\" \/>\n<meta property=\"og:type\" content=\"article\" \/>\n<meta property=\"og:title\" content=\"Unternehmen - IHRE IDEE IST UNSERE LEIDENSCHAFT! Goldberg Tam tools GOLDBERG GOLDBERG TECH\" \/>\n<meta property=\"og:description\" content=\"Unser Unternehmen fertigt Pr\u00e4zisionswerkzeuge, die beim Drehen, Bohren und Fr\u00e4sen genau das richtige Ma\u00df treffen.\" \/>\n<meta property=\"og:url\" content=\"https:\/\/goldberg-tech.de\/en\/tam-unternehmensgruppe\/\" \/>\n<meta property=\"og:site_name\" content=\"IHRE IDEE IST UNSERE LEIDENSCHAFT!\" \/>\n<meta property=\"article:publisher\" content=\"https:\/\/www.facebook.com\/goldbergtech\" \/>\n<meta property=\"article:modified_time\" content=\"2024-09-24T12:48:15+00:00\" \/>\n<meta name=\"twitter:card\" content=\"summary_large_image\" \/>\n<meta name=\"twitter:label1\" content=\"Est. reading time\" \/>\n\t<meta name=\"twitter:data1\" content=\"2 minutes\" \/>\n<script type=\"application\/ld+json\" class=\"yoast-schema-graph\">{\"@context\":\"https:\/\/schema.org\",\"@graph\":[{\"@type\":\"WebPage\",\"@id\":\"https:\/\/goldberg-tech.de\/tam-unternehmensgruppe\/\",\"url\":\"https:\/\/goldberg-tech.de\/tam-unternehmensgruppe\/\",\"name\":\"Unternehmen - IHRE IDEE IST UNSERE LEIDENSCHAFT! Goldberg Tam tools GOLDBERG GOLDBERG TECH\",\"isPartOf\":{\"@id\":\"https:\/\/goldberg-tech.de\/#website\"},\"datePublished\":\"2021-07-03T14:16:33+00:00\",\"dateModified\":\"2024-09-24T12:48:15+00:00\",\"description\":\"Unser Unternehmen fertigt Pr\u00e4zisionswerkzeuge, die beim Drehen, Bohren und Fr\u00e4sen genau das richtige Ma\u00df treffen.\",\"breadcrumb\":{\"@id\":\"https:\/\/goldberg-tech.de\/tam-unternehmensgruppe\/#breadcrumb\"},\"inLanguage\":\"en-US\",\"potentialAction\":[{\"@type\":\"ReadAction\",\"target\":[\"https:\/\/goldberg-tech.de\/tam-unternehmensgruppe\/\"]}]},{\"@type\":\"BreadcrumbList\",\"@id\":\"https:\/\/goldberg-tech.de\/tam-unternehmensgruppe\/#breadcrumb\",\"itemListElement\":[{\"@type\":\"ListItem\",\"position\":1,\"name\":\"Startseite\",\"item\":\"https:\/\/goldberg-tech.de\/\"},{\"@type\":\"ListItem\",\"position\":2,\"name\":\"Unternehmen\"}]},{\"@type\":\"WebSite\",\"@id\":\"https:\/\/goldberg-tech.de\/#website\",\"url\":\"https:\/\/goldberg-tech.de\/\",\"name\":\"IHRE IDEE IST UNSERE LEIDENSCHAFT!\",\"description\":\"Goldberg\u00ae Ihre Idee ist unsere Leidenschaft\",\"publisher\":{\"@id\":\"https:\/\/goldberg-tech.de\/#organization\"},\"potentialAction\":[{\"@type\":\"SearchAction\",\"target\":{\"@type\":\"EntryPoint\",\"urlTemplate\":\"https:\/\/goldberg-tech.de\/?s={search_term_string}\"},\"query-input\":\"required name=search_term_string\"}],\"inLanguage\":\"en-US\"},{\"@type\":\"Organization\",\"@id\":\"https:\/\/goldberg-tech.de\/#organization\",\"name\":\"Tam Tools GmbH\",\"url\":\"https:\/\/goldberg-tech.de\/\",\"logo\":{\"@type\":\"ImageObject\",\"inLanguage\":\"en-US\",\"@id\":\"https:\/\/goldberg-tech.de\/#\/schema\/logo\/image\/\",\"url\":\"https:\/\/goldberg-tech.de\/wp-content\/uploads\/2021\/07\/logo.png\",\"contentUrl\":\"https:\/\/goldberg-tech.de\/wp-content\/uploads\/2021\/07\/logo.png\",\"width\":300,\"height\":90,\"caption\":\"Tam Tools GmbH\"},\"image\":{\"@id\":\"https:\/\/goldberg-tech.de\/#\/schema\/logo\/image\/\"},\"sameAs\":[\"https:\/\/www.facebook.com\/goldbergtech\",\"https:\/\/www.instagram.com\/goldberg_tech\/\",\"https:\/\/www.youtube.com\/channel\/UCQT_2EDKwKxRRtG4s9glrwg\"]}]}<\/script>\n<!-- \/ Yoast SEO plugin. -->","yoast_head_json":{"title":"Unternehmen - IHRE IDEE IST UNSERE LEIDENSCHAFT! Goldberg Tam tools GOLDBERG GOLDBERG TECH","description":"Unser Unternehmen fertigt Pr\u00e4zisionswerkzeuge, die beim Drehen, Bohren und Fr\u00e4sen genau das richtige Ma\u00df treffen.","robots":{"index":"index","follow":"follow","max-snippet":"max-snippet:-1","max-image-preview":"max-image-preview:large","max-video-preview":"max-video-preview:-1"},"canonical":"https:\/\/goldberg-tech.de\/en\/tam-unternehmensgruppe\/","og_locale":"en_US","og_type":"article","og_title":"Unternehmen - IHRE IDEE IST UNSERE LEIDENSCHAFT! Goldberg Tam tools GOLDBERG GOLDBERG TECH","og_description":"Unser Unternehmen fertigt Pr\u00e4zisionswerkzeuge, die beim Drehen, Bohren und Fr\u00e4sen genau das richtige Ma\u00df treffen.","og_url":"https:\/\/goldberg-tech.de\/en\/tam-unternehmensgruppe\/","og_site_name":"IHRE IDEE IST UNSERE LEIDENSCHAFT!","article_publisher":"https:\/\/www.facebook.com\/goldbergtech","article_modified_time":"2024-09-24T12:48:15+00:00","twitter_card":"summary_large_image","twitter_misc":{"Est. reading time":"2 minutes"},"schema":{"@context":"https:\/\/schema.org","@graph":[{"@type":"WebPage","@id":"https:\/\/goldberg-tech.de\/tam-unternehmensgruppe\/","url":"https:\/\/goldberg-tech.de\/tam-unternehmensgruppe\/","name":"Unternehmen - IHRE IDEE IST UNSERE LEIDENSCHAFT! Goldberg Tam tools GOLDBERG GOLDBERG TECH","isPartOf":{"@id":"https:\/\/goldberg-tech.de\/#website"},"datePublished":"2021-07-03T14:16:33+00:00","dateModified":"2024-09-24T12:48:15+00:00","description":"Unser Unternehmen fertigt Pr\u00e4zisionswerkzeuge, die beim Drehen, Bohren und Fr\u00e4sen genau das richtige Ma\u00df treffen.","breadcrumb":{"@id":"https:\/\/goldberg-tech.de\/tam-unternehmensgruppe\/#breadcrumb"},"inLanguage":"en-US","potentialAction":[{"@type":"ReadAction","target":["https:\/\/goldberg-tech.de\/tam-unternehmensgruppe\/"]}]},{"@type":"BreadcrumbList","@id":"https:\/\/goldberg-tech.de\/tam-unternehmensgruppe\/#breadcrumb","itemListElement":[{"@type":"ListItem","position":1,"name":"Startseite","item":"https:\/\/goldberg-tech.de\/"},{"@type":"ListItem","position":2,"name":"Unternehmen"}]},{"@type":"WebSite","@id":"https:\/\/goldberg-tech.de\/#website","url":"https:\/\/goldberg-tech.de\/","name":"IHRE IDEE IST UNSERE LEIDENSCHAFT!","description":"Goldberg\u00ae Ihre Idee ist unsere Leidenschaft","publisher":{"@id":"https:\/\/goldberg-tech.de\/#organization"},"potentialAction":[{"@type":"SearchAction","target":{"@type":"EntryPoint","urlTemplate":"https:\/\/goldberg-tech.de\/?s={search_term_string}"},"query-input":"required name=search_term_string"}],"inLanguage":"en-US"},{"@type":"Organization","@id":"https:\/\/goldberg-tech.de\/#organization","name":"Tam Tools GmbH","url":"https:\/\/goldberg-tech.de\/","logo":{"@type":"ImageObject","inLanguage":"en-US","@id":"https:\/\/goldberg-tech.de\/#\/schema\/logo\/image\/","url":"https:\/\/goldberg-tech.de\/wp-content\/uploads\/2021\/07\/logo.png","contentUrl":"https:\/\/goldberg-tech.de\/wp-content\/uploads\/2021\/07\/logo.png","width":300,"height":90,"caption":"Tam Tools GmbH"},"image":{"@id":"https:\/\/goldberg-tech.de\/#\/schema\/logo\/image\/"},"sameAs":["https:\/\/www.facebook.com\/goldbergtech","https:\/\/www.instagram.com\/goldberg_tech\/","https:\/\/www.youtube.com\/channel\/UCQT_2EDKwKxRRtG4s9glrwg"]}]}},"jetpack_sharing_enabled":true,"_links":{"self":[{"href":"https:\/\/goldberg-tech.de\/en\/wp-json\/wp\/v2\/pages\/2853","targetHints":{"allow":["GET"]}}],"collection":[{"href":"https:\/\/goldberg-tech.de\/en\/wp-json\/wp\/v2\/pages"}],"about":[{"href":"https:\/\/goldberg-tech.de\/en\/wp-json\/wp\/v2\/types\/page"}],"author":[{"embeddable":true,"href":"https:\/\/goldberg-tech.de\/en\/wp-json\/wp\/v2\/users\/3"}],"replies":[{"embeddable":true,"href":"https:\/\/goldberg-tech.de\/en\/wp-json\/wp\/v2\/comments?post=2853"}],"version-history":[{"count":123,"href":"https:\/\/goldberg-tech.de\/en\/wp-json\/wp\/v2\/pages\/2853\/revisions"}],"predecessor-version":[{"id":5264,"href":"https:\/\/goldberg-tech.de\/en\/wp-json\/wp\/v2\/pages\/2853\/revisions\/5264"}],"wp:attachment":[{"href":"https:\/\/goldberg-tech.de\/en\/wp-json\/wp\/v2\/media?parent=2853"}],"curies":[{"name":"wp","href":"https:\/\/api.w.org\/{rel}","templated":true}]}}