{"id":2855,"date":"2021-07-03T14:16:55","date_gmt":"2021-07-03T14:16:55","guid":{"rendered":"https:\/\/das-kreative-buero.fuelmedia.de\/?page_id=2855"},"modified":"2021-09-02T13:53:38","modified_gmt":"2021-09-02T13:53:38","slug":"produkte","status":"publish","type":"page","link":"https:\/\/goldberg-tech.de\/en\/produkte\/","title":{"rendered":"products"},"content":{"rendered":"<div data-elementor-type=\"wp-page\" data-elementor-id=\"2855\" class=\"elementor elementor-2855\" data-elementor-post-type=\"page\">\n\t\t\t\t\t\t\t\t\t<section class=\"elementor-section elementor-top-section elementor-element elementor-element-706cbf9 elementor-section-height-min-height elementor-section-boxed elementor-section-height-default elementor-section-items-middle\" data-id=\"706cbf9\" data-element_type=\"section\">\n\t\t\t\t\t\t<div class=\"elementor-container elementor-column-gap-default\">\n\t\t\t\t\t<div class=\"elementor-column elementor-col-100 elementor-top-column elementor-element elementor-element-2b94b34\" data-id=\"2b94b34\" data-element_type=\"column\">\n\t\t\t<div class=\"elementor-widget-wrap elementor-element-populated\">\n\t\t\t\t\t\t\t\t<div class=\"elementor-element elementor-element-c906fea bdt-ps-image-match-height--yes elementor-widget elementor-widget-prime-slider-sequester\" data-id=\"c906fea\" data-element_type=\"widget\" data-widget_type=\"prime-slider-sequester.default\">\n\t\t\t\t<div class=\"elementor-widget-container\">\n\t\t\t        <div class=\"bdt-prime-slider\">\r\n            <div class=\"bdt-prime-slider-sequester\">\r\n                <div class=\"bdt-position-relative bdt-visible-toggle\" data-settings=\"{&quot;id&quot;:&quot;#bdt-c906fea&quot;,&quot;animation_status&quot;:&quot;no&quot;}\" id=\"bdt-c906fea\" bdt-slideshow=\"{&quot;animation&quot;:&quot;fade&quot;,&quot;ratio&quot;:&quot;16:9&quot;,&quot;min-height&quot;:&quot;540&quot;,&quot;autoplay&quot;:true,&quot;autoplay-interval&quot;:4000,&quot;pause-on-hover&quot;:false,&quot;velocity&quot;:1,&quot;finite&quot;:false}\">\r\n                    <ul class=\"bdt-slideshow-items\">\r\n        \r\n            <li class=\"bdt-slideshow-item bdt-flex bdt-flex-row bdt-flex-middle elementor-repeater-item-56841a7\">\r\n\r\n                    \r\n\t\t<div class=\"bdt-prime-slider-content\">\r\n\t\t\t<div class=\"bdt-prime-slider-desc\">\r\n\r\n\t\t\t\t\t\t\t\t\t<div class=\"bdt-sub-title\">\r\n\t\t\t\t\t\t<h4 class=\"bdt-sub-title-inner\" data-bdt-slideshow-parallax=\"y: 50,0,-50; opacity: 1,1,0\" data-reveal=\"reveal-active\">\r\n\t\t\t\t\t\t\tPRECISION\t\t\t\t\t\t<\/h4>\r\n\t\t\t\t\t<\/div>\r\n\t\t\t\t\r\n\t\t\t\t\t\t\t\t\t<div class=\"bdt-main-title\">\r\n\t\t\t\t\t\t<h1 class=\"bdt-title-tag\" data-bdt-slideshow-parallax=\"y: 50,0,-50; opacity: 1,1,0\" data-reveal=\"reveal-active\">\r\n\t\t\t\t\t\t\t\t\t\t\t\t\t\t\t<span class=\"frist-word\">Highest<\/span> quality standards\t\t\t\t\t\t\t\t\t\t\t\t\t\t<\/h1>\r\n\t\t\t\t\t<\/div>\r\n\t\t\t\t\r\n\t\t\t\t\t\t\t\t\t<div class=\"bdt-slider-excerpt\" data-bdt-slideshow-parallax=\"y: 50,0,-50; opacity: 1,1,0\" data-reveal=\"reveal-active\">\r\n\t\t\t\t\t\t<p><strong>All our products are subject to strict quality controls so that we can offer our customers precisely processed products that meet the highest quality standards.<\/strong><\/p>\t\t\t\t\t<\/div>\r\n\t\t\t\t\r\n\t\t\t\t<div class=\"bdt-button-wrapper\" data-bdt-slideshow-parallax=\"y: 150,0,-100; opacity: 1,1,0\">\r\n\t\t\t\t\t\r\n\t\t\t\t\t\t<\/div>\r\n\t\t\t\t\r\n\t\t\t<\/div>\r\n\t\t<\/div>\r\n\r\n        \r\n                    <div class=\"bdt-slide-image\" style=\"background-image: url('https:\/\/goldberg-tech.de\/wp-content\/uploads\/2021\/07\/slider-produkte1.png');\">\r\n                        \r\n                    <\/div>\r\n            <\/li>\r\n\r\n        \r\n            <li class=\"bdt-slideshow-item bdt-flex bdt-flex-row bdt-flex-middle elementor-repeater-item-95d6ac1\">\r\n\r\n                    \r\n\t\t<div class=\"bdt-prime-slider-content\">\r\n\t\t\t<div class=\"bdt-prime-slider-desc\">\r\n\r\n\t\t\t\t\t\t\t\t\t<div class=\"bdt-sub-title\">\r\n\t\t\t\t\t\t<h4 class=\"bdt-sub-title-inner\" data-bdt-slideshow-parallax=\"y: 50,0,-50; opacity: 1,1,0\" data-reveal=\"reveal-active\">\r\n\t\t\t\t\t\t\tINNOVATION\t\t\t\t\t\t<\/h4>\r\n\t\t\t\t\t<\/div>\r\n\t\t\t\t\r\n\t\t\t\t\t\t\t\t\t<div class=\"bdt-main-title\">\r\n\t\t\t\t\t\t<h1 class=\"bdt-title-tag\" data-bdt-slideshow-parallax=\"y: 50,0,-50; opacity: 1,1,0\" data-reveal=\"reveal-active\">\r\n\t\t\t\t\t\t\t\t\t\t\t\t\t\t\t<span class=\"frist-word\">Cooperations<\/span> \t\t\t\t\t\t\t\t\t\t\t\t\t\t<\/h1>\r\n\t\t\t\t\t<\/div>\r\n\t\t\t\t\r\n\t\t\t\t\t\t\t\t\t<div class=\"bdt-slider-excerpt\" data-bdt-slideshow-parallax=\"y: 50,0,-50; opacity: 1,1,0\" data-reveal=\"reveal-active\">\r\n\t\t\t\t\t\t<p><strong>In cooperation with our customers and partners, we are always striving to develop innovative products that meet market requirements.<\/strong><\/p>\t\t\t\t\t<\/div>\r\n\t\t\t\t\r\n\t\t\t\t<div class=\"bdt-button-wrapper\" data-bdt-slideshow-parallax=\"y: 150,0,-100; opacity: 1,1,0\">\r\n\t\t\t\t\t\r\n\t\t\t\t\t\t<\/div>\r\n\t\t\t\t\r\n\t\t\t<\/div>\r\n\t\t<\/div>\r\n\r\n        \r\n                    <div class=\"bdt-slide-image\" style=\"background-image: url('https:\/\/goldberg-tech.de\/wp-content\/uploads\/2021\/07\/slider-produkte3.png');\">\r\n                        \r\n                    <\/div>\r\n            <\/li>\r\n\r\n        \r\n            <li class=\"bdt-slideshow-item bdt-flex bdt-flex-row bdt-flex-middle elementor-repeater-item-3354b7e\">\r\n\r\n                    \r\n\t\t<div class=\"bdt-prime-slider-content\">\r\n\t\t\t<div class=\"bdt-prime-slider-desc\">\r\n\r\n\t\t\t\t\t\t\t\t\t<div class=\"bdt-sub-title\">\r\n\t\t\t\t\t\t<h4 class=\"bdt-sub-title-inner\" data-bdt-slideshow-parallax=\"y: 50,0,-50; opacity: 1,1,0\" data-reveal=\"reveal-active\">\r\n\t\t\t\t\t\t\tPERFORMANCE\t\t\t\t\t\t<\/h4>\r\n\t\t\t\t\t<\/div>\r\n\t\t\t\t\r\n\t\t\t\t\t\t\t\t\t<div class=\"bdt-main-title\">\r\n\t\t\t\t\t\t<h1 class=\"bdt-title-tag\" data-bdt-slideshow-parallax=\"y: 50,0,-50; opacity: 1,1,0\" data-reveal=\"reveal-active\">\r\n\t\t\t\t\t\t\t\t\t\t\t\t\t\t\t<span class=\"frist-word\">Premium tools<\/span> \t\t\t\t\t\t\t\t\t\t\t\t\t\t<\/h1>\r\n\t\t\t\t\t<\/div>\r\n\t\t\t\t\r\n\t\t\t\t\t\t\t\t\t<div class=\"bdt-slider-excerpt\" data-bdt-slideshow-parallax=\"y: 50,0,-50; opacity: 1,1,0\" data-reveal=\"reveal-active\">\r\n\t\t\t\t\t\t<p><strong>High performance with GOLDBERG\u00ae - Increase your productivity with our premium tools and strengthen your own competitive position.<\/strong><\/p>\t\t\t\t\t<\/div>\r\n\t\t\t\t\r\n\t\t\t\t<div class=\"bdt-button-wrapper\" data-bdt-slideshow-parallax=\"y: 150,0,-100; opacity: 1,1,0\">\r\n\t\t\t\t\t\r\n\t\t\t\t\t\t<\/div>\r\n\t\t\t\t\r\n\t\t\t<\/div>\r\n\t\t<\/div>\r\n\r\n        \r\n                    <div class=\"bdt-slide-image\" style=\"background-image: url('https:\/\/goldberg-tech.de\/wp-content\/uploads\/2021\/07\/slider-produkte4.png');\">\r\n                        \r\n                    <\/div>\r\n            <\/li>\r\n\r\n        \r\n                <\/ul>\r\n\r\n                \r\n\t\t\t\t<div class=\"bdt-navigation-arrows reveal-muted\">\r\n\t\t\t<a class=\"bdt-prime-slider-previous\" href=\"#\" bdt-slidenav-previous bdt-slideshow-item=\"previous\"><\/a>\r\n\t\t\t<a class=\"bdt-prime-slider-next\" href=\"#\" bdt-slidenav-next bdt-slideshow-item=\"next\"><\/a>\r\n\t\t<\/div>\r\n\t\t\r\n\t\t                \r\n        \r\n\t\t\t<ul class=\"bdt-slideshow-nav bdt-dotnav reveal-muted\"><\/ul>\r\n\r\n        \r\n        \t\t\t\t\r\n\t\t\t<\/div>\r\n\t\t\t\r\n\t\t\t<div class=\"bdt-prime-slider-social-icon\" data-reveal=\"reveal-active\">\r\n\r\n\t\t\t\t\r\n\t\t\t\t\t<a href=\"https:\/\/www.facebook.com\/goldbergtech\/?ref=pages_you_manage\" target=\"_blank\">\r\n\t\t\t\t\t\t<span class=\"bdt-social-share-title\">\r\n\t\t\t\t\t\t\tFacebook\t\t\t\t\t\t<\/span>\r\n\t\t\t\t\t<\/a>\r\n\t\t\t\t\t\r\n\t\t\t\t\r\n\t\t\t\t\t<a href=\"https:\/\/www.instagram.com\/goldberg_tech\/\" target=\"_blank\">\r\n\t\t\t\t\t\t<span class=\"bdt-social-share-title\">\r\n\t\t\t\t\t\t\tInstagram\t\t\t\t\t\t<\/span>\r\n\t\t\t\t\t<\/a>\r\n\t\t\t\t\t\r\n\t\t\t\t\r\n\t\t\t<\/div>\r\n\r\n\t\t\t\t<\/div>\r\n\t\t<\/div>\r\n        \t\t<\/div>\n\t\t\t\t<\/div>\n\t\t\t\t\t<\/div>\n\t\t<\/div>\n\t\t\t\t\t\t\t<\/div>\n\t\t<\/section>\n\t\t\t\t<section class=\"elementor-section elementor-top-section elementor-element elementor-element-0797d08 elementor-section-boxed elementor-section-height-default elementor-section-height-default\" data-id=\"0797d08\" data-element_type=\"section\">\n\t\t\t\t\t\t<div class=\"elementor-container elementor-column-gap-default\">\n\t\t\t\t\t<div class=\"elementor-column elementor-col-100 elementor-top-column elementor-element elementor-element-8e15a41\" data-id=\"8e15a41\" data-element_type=\"column\">\n\t\t\t<div class=\"elementor-widget-wrap elementor-element-populated\">\n\t\t\t\t\t\t\t\t<div class=\"elementor-element elementor-element-76c99dd elementor-widget-divider--view-line_icon elementor-view-default elementor-widget-divider--element-align-center elementor-widget elementor-widget-divider\" data-id=\"76c99dd\" data-element_type=\"widget\" data-widget_type=\"divider.default\">\n\t\t\t\t<div class=\"elementor-widget-container\">\n\t\t\t\t\t<div class=\"elementor-divider\">\n\t\t\t<span class=\"elementor-divider-separator\">\n\t\t\t\t\t\t\t<div class=\"elementor-icon elementor-divider__element\">\n\t\t\t\t\t<i aria-hidden=\"true\" class=\"far fa-arrow-alt-circle-down\"><\/i><\/div>\n\t\t\t\t\t\t<\/span>\n\t\t<\/div>\n\t\t\t\t<\/div>\n\t\t\t\t<\/div>\n\t\t\t\t\t<\/div>\n\t\t<\/div>\n\t\t\t\t\t\t\t<\/div>\n\t\t<\/section>\n\t\t\t\t<section class=\"elementor-section elementor-top-section elementor-element elementor-element-f345d1f elementor-section-boxed elementor-section-height-default elementor-section-height-default\" data-id=\"f345d1f\" data-element_type=\"section\">\n\t\t\t\t\t\t<div class=\"elementor-container elementor-column-gap-default\">\n\t\t\t\t\t<div class=\"elementor-column elementor-col-100 elementor-top-column elementor-element elementor-element-da16bc5\" data-id=\"da16bc5\" data-element_type=\"column\">\n\t\t\t<div class=\"elementor-widget-wrap elementor-element-populated\">\n\t\t\t\t\t\t\t\t<div class=\"elementor-element elementor-element-c848233 elementor-widget elementor-widget-spacer\" data-id=\"c848233\" data-element_type=\"widget\" data-widget_type=\"spacer.default\">\n\t\t\t\t<div class=\"elementor-widget-container\">\n\t\t\t\t\t<div class=\"elementor-spacer\">\n\t\t\t<div class=\"elementor-spacer-inner\"><\/div>\n\t\t<\/div>\n\t\t\t\t<\/div>\n\t\t\t\t<\/div>\n\t\t\t\t\t<\/div>\n\t\t<\/div>\n\t\t\t\t\t\t\t<\/div>\n\t\t<\/section>\n\t\t\t\t\t\t\t<\/div>","protected":false},"excerpt":{"rendered":"<p>PR\u00c4ZISION H\u00f6chste Qualit\u00e4tsstandards Alle unsere Produkte unterliegen strengen Qualit\u00e4tskontrollen, sodass wir unseren Kunden pr\u00e4zise verarbeitete Produkte anbieten k\u00f6nnen, die h\u00f6chsten Qualit\u00e4tsstandards entsprechen. INNOVATION Kooperationen In Kooperation mit unseren Kunden und Partnern sind wir stets darum bem\u00fcht, innovative Produkte zu entwickeln, die den Marktanforderungen gerecht werden. PERFORMANCE Premiumwerkzeuge High performance mit GOLDBERG\u00ae \u2013 Steigern Sie Ihre &hellip;<\/p>\n<p class=\"read-more\"> <a class=\"\" href=\"https:\/\/goldberg-tech.de\/en\/produkte\/\"> <span class=\"screen-reader-text\">products<\/span> Read More &raquo;<\/a><\/p>","protected":false},"author":3,"featured_media":0,"parent":0,"menu_order":0,"comment_status":"closed","ping_status":"closed","template":"","meta":{"footnotes":""},"class_list":["post-2855","page","type-page","status-publish","hentry"],"yoast_head":"<!-- This site is optimized with the Yoast SEO plugin v21.5 - https:\/\/yoast.com\/wordpress\/plugins\/seo\/ -->\n<title>Produkte - IHRE IDEE IST UNSERE LEIDENSCHAFT!<\/title>\n<meta name=\"robots\" content=\"index, follow, max-snippet:-1, max-image-preview:large, max-video-preview:-1\" \/>\n<link rel=\"canonical\" href=\"https:\/\/goldberg-tech.de\/en\/produkte\/\" \/>\n<meta property=\"og:locale\" content=\"en_US\" \/>\n<meta property=\"og:type\" content=\"article\" \/>\n<meta property=\"og:title\" content=\"Produkte - IHRE IDEE IST UNSERE LEIDENSCHAFT!\" \/>\n<meta property=\"og:description\" content=\"PR\u00c4ZISION H\u00f6chste Qualit\u00e4tsstandards Alle unsere Produkte unterliegen strengen Qualit\u00e4tskontrollen, sodass wir unseren Kunden pr\u00e4zise verarbeitete Produkte anbieten k\u00f6nnen, die h\u00f6chsten Qualit\u00e4tsstandards entsprechen. INNOVATION Kooperationen In Kooperation mit unseren Kunden und Partnern sind wir stets darum bem\u00fcht, innovative Produkte zu entwickeln, die den Marktanforderungen gerecht werden. PERFORMANCE Premiumwerkzeuge High performance mit GOLDBERG\u00ae \u2013 Steigern Sie Ihre &hellip; Produkte Read More &raquo;\" \/>\n<meta property=\"og:url\" content=\"https:\/\/goldberg-tech.de\/en\/produkte\/\" \/>\n<meta property=\"og:site_name\" content=\"IHRE IDEE IST UNSERE LEIDENSCHAFT!\" \/>\n<meta property=\"article:publisher\" content=\"https:\/\/www.facebook.com\/goldbergtech\" \/>\n<meta property=\"article:modified_time\" content=\"2021-09-02T13:53:38+00:00\" \/>\n<meta name=\"twitter:card\" content=\"summary_large_image\" \/>\n<script type=\"application\/ld+json\" class=\"yoast-schema-graph\">{\"@context\":\"https:\/\/schema.org\",\"@graph\":[{\"@type\":\"WebPage\",\"@id\":\"https:\/\/goldberg-tech.de\/produkte\/\",\"url\":\"https:\/\/goldberg-tech.de\/produkte\/\",\"name\":\"Produkte - IHRE IDEE IST UNSERE LEIDENSCHAFT!\",\"isPartOf\":{\"@id\":\"https:\/\/goldberg-tech.de\/#website\"},\"datePublished\":\"2021-07-03T14:16:55+00:00\",\"dateModified\":\"2021-09-02T13:53:38+00:00\",\"breadcrumb\":{\"@id\":\"https:\/\/goldberg-tech.de\/produkte\/#breadcrumb\"},\"inLanguage\":\"en-US\",\"potentialAction\":[{\"@type\":\"ReadAction\",\"target\":[\"https:\/\/goldberg-tech.de\/produkte\/\"]}]},{\"@type\":\"BreadcrumbList\",\"@id\":\"https:\/\/goldberg-tech.de\/produkte\/#breadcrumb\",\"itemListElement\":[{\"@type\":\"ListItem\",\"position\":1,\"name\":\"Startseite\",\"item\":\"https:\/\/goldberg-tech.de\/\"},{\"@type\":\"ListItem\",\"position\":2,\"name\":\"Produkte\"}]},{\"@type\":\"WebSite\",\"@id\":\"https:\/\/goldberg-tech.de\/#website\",\"url\":\"https:\/\/goldberg-tech.de\/\",\"name\":\"IHRE IDEE IST UNSERE LEIDENSCHAFT!\",\"description\":\"Goldberg\u00ae Ihre Idee ist unsere Leidenschaft\",\"publisher\":{\"@id\":\"https:\/\/goldberg-tech.de\/#organization\"},\"potentialAction\":[{\"@type\":\"SearchAction\",\"target\":{\"@type\":\"EntryPoint\",\"urlTemplate\":\"https:\/\/goldberg-tech.de\/?s={search_term_string}\"},\"query-input\":\"required name=search_term_string\"}],\"inLanguage\":\"en-US\"},{\"@type\":\"Organization\",\"@id\":\"https:\/\/goldberg-tech.de\/#organization\",\"name\":\"Tam Tools GmbH\",\"url\":\"https:\/\/goldberg-tech.de\/\",\"logo\":{\"@type\":\"ImageObject\",\"inLanguage\":\"en-US\",\"@id\":\"https:\/\/goldberg-tech.de\/#\/schema\/logo\/image\/\",\"url\":\"https:\/\/goldberg-tech.de\/wp-content\/uploads\/2021\/07\/logo.png\",\"contentUrl\":\"https:\/\/goldberg-tech.de\/wp-content\/uploads\/2021\/07\/logo.png\",\"width\":300,\"height\":90,\"caption\":\"Tam Tools GmbH\"},\"image\":{\"@id\":\"https:\/\/goldberg-tech.de\/#\/schema\/logo\/image\/\"},\"sameAs\":[\"https:\/\/www.facebook.com\/goldbergtech\",\"https:\/\/www.instagram.com\/goldberg_tech\/\",\"https:\/\/www.youtube.com\/channel\/UCQT_2EDKwKxRRtG4s9glrwg\"]}]}<\/script>\n<!-- \/ Yoast SEO plugin. -->","yoast_head_json":{"title":"Produkte - IHRE IDEE IST UNSERE LEIDENSCHAFT!","robots":{"index":"index","follow":"follow","max-snippet":"max-snippet:-1","max-image-preview":"max-image-preview:large","max-video-preview":"max-video-preview:-1"},"canonical":"https:\/\/goldberg-tech.de\/en\/produkte\/","og_locale":"en_US","og_type":"article","og_title":"Produkte - IHRE IDEE IST UNSERE LEIDENSCHAFT!","og_description":"PR\u00c4ZISION H\u00f6chste Qualit\u00e4tsstandards Alle unsere Produkte unterliegen strengen Qualit\u00e4tskontrollen, sodass wir unseren Kunden pr\u00e4zise verarbeitete Produkte anbieten k\u00f6nnen, die h\u00f6chsten Qualit\u00e4tsstandards entsprechen. INNOVATION Kooperationen In Kooperation mit unseren Kunden und Partnern sind wir stets darum bem\u00fcht, innovative Produkte zu entwickeln, die den Marktanforderungen gerecht werden. PERFORMANCE Premiumwerkzeuge High performance mit GOLDBERG\u00ae \u2013 Steigern Sie Ihre &hellip; Produkte Read More &raquo;","og_url":"https:\/\/goldberg-tech.de\/en\/produkte\/","og_site_name":"IHRE IDEE IST UNSERE LEIDENSCHAFT!","article_publisher":"https:\/\/www.facebook.com\/goldbergtech","article_modified_time":"2021-09-02T13:53:38+00:00","twitter_card":"summary_large_image","schema":{"@context":"https:\/\/schema.org","@graph":[{"@type":"WebPage","@id":"https:\/\/goldberg-tech.de\/produkte\/","url":"https:\/\/goldberg-tech.de\/produkte\/","name":"Produkte - IHRE IDEE IST UNSERE LEIDENSCHAFT!","isPartOf":{"@id":"https:\/\/goldberg-tech.de\/#website"},"datePublished":"2021-07-03T14:16:55+00:00","dateModified":"2021-09-02T13:53:38+00:00","breadcrumb":{"@id":"https:\/\/goldberg-tech.de\/produkte\/#breadcrumb"},"inLanguage":"en-US","potentialAction":[{"@type":"ReadAction","target":["https:\/\/goldberg-tech.de\/produkte\/"]}]},{"@type":"BreadcrumbList","@id":"https:\/\/goldberg-tech.de\/produkte\/#breadcrumb","itemListElement":[{"@type":"ListItem","position":1,"name":"Startseite","item":"https:\/\/goldberg-tech.de\/"},{"@type":"ListItem","position":2,"name":"Produkte"}]},{"@type":"WebSite","@id":"https:\/\/goldberg-tech.de\/#website","url":"https:\/\/goldberg-tech.de\/","name":"IHRE IDEE IST UNSERE LEIDENSCHAFT!","description":"Goldberg\u00ae Ihre Idee ist unsere Leidenschaft","publisher":{"@id":"https:\/\/goldberg-tech.de\/#organization"},"potentialAction":[{"@type":"SearchAction","target":{"@type":"EntryPoint","urlTemplate":"https:\/\/goldberg-tech.de\/?s={search_term_string}"},"query-input":"required name=search_term_string"}],"inLanguage":"en-US"},{"@type":"Organization","@id":"https:\/\/goldberg-tech.de\/#organization","name":"Tam Tools GmbH","url":"https:\/\/goldberg-tech.de\/","logo":{"@type":"ImageObject","inLanguage":"en-US","@id":"https:\/\/goldberg-tech.de\/#\/schema\/logo\/image\/","url":"https:\/\/goldberg-tech.de\/wp-content\/uploads\/2021\/07\/logo.png","contentUrl":"https:\/\/goldberg-tech.de\/wp-content\/uploads\/2021\/07\/logo.png","width":300,"height":90,"caption":"Tam Tools GmbH"},"image":{"@id":"https:\/\/goldberg-tech.de\/#\/schema\/logo\/image\/"},"sameAs":["https:\/\/www.facebook.com\/goldbergtech","https:\/\/www.instagram.com\/goldberg_tech\/","https:\/\/www.youtube.com\/channel\/UCQT_2EDKwKxRRtG4s9glrwg"]}]}},"jetpack_sharing_enabled":true,"_links":{"self":[{"href":"https:\/\/goldberg-tech.de\/en\/wp-json\/wp\/v2\/pages\/2855","targetHints":{"allow":["GET"]}}],"collection":[{"href":"https:\/\/goldberg-tech.de\/en\/wp-json\/wp\/v2\/pages"}],"about":[{"href":"https:\/\/goldberg-tech.de\/en\/wp-json\/wp\/v2\/types\/page"}],"author":[{"embeddable":true,"href":"https:\/\/goldberg-tech.de\/en\/wp-json\/wp\/v2\/users\/3"}],"replies":[{"embeddable":true,"href":"https:\/\/goldberg-tech.de\/en\/wp-json\/wp\/v2\/comments?post=2855"}],"version-history":[{"count":79,"href":"https:\/\/goldberg-tech.de\/en\/wp-json\/wp\/v2\/pages\/2855\/revisions"}],"predecessor-version":[{"id":4368,"href":"https:\/\/goldberg-tech.de\/en\/wp-json\/wp\/v2\/pages\/2855\/revisions\/4368"}],"wp:attachment":[{"href":"https:\/\/goldberg-tech.de\/en\/wp-json\/wp\/v2\/media?parent=2855"}],"curies":[{"name":"wp","href":"https:\/\/api.w.org\/{rel}","templated":true}]}}