{"id":2857,"date":"2021-07-03T14:17:11","date_gmt":"2021-07-03T14:17:11","guid":{"rendered":"https:\/\/das-kreative-buero.fuelmedia.de\/?page_id=2857"},"modified":"2024-09-17T10:52:33","modified_gmt":"2024-09-17T10:52:33","slug":"karriere","status":"publish","type":"page","link":"https:\/\/goldberg-tech.de\/en\/karriere\/","title":{"rendered":"Career"},"content":{"rendered":"<div data-elementor-type=\"wp-page\" data-elementor-id=\"2857\" class=\"elementor elementor-2857\" data-elementor-post-type=\"page\">\n\t\t\t\t\t\t\t\t\t<section class=\"elementor-section elementor-top-section elementor-element elementor-element-f71ae29 elementor-section-boxed elementor-section-height-default elementor-section-height-default\" data-id=\"f71ae29\" data-element_type=\"section\">\n\t\t\t\t\t\t<div class=\"elementor-container elementor-column-gap-default\">\n\t\t\t\t\t<div class=\"elementor-column elementor-col-100 elementor-top-column elementor-element elementor-element-f9aee39\" data-id=\"f9aee39\" data-element_type=\"column\">\n\t\t\t<div class=\"elementor-widget-wrap elementor-element-populated\">\n\t\t\t\t\t\t\t\t<div class=\"elementor-element elementor-element-ff8f6c5 elementor-invisible elementor-widget elementor-widget-image\" data-id=\"ff8f6c5\" data-element_type=\"widget\" data-settings=\"{&quot;_animation&quot;:&quot;rotateInDownLeft&quot;}\" data-widget_type=\"image.default\">\n\t\t\t\t<div class=\"elementor-widget-container\">\n\t\t\t\t\t\t\t\t\t\t\t\t\t\t\t<img decoding=\"async\" src=\"https:\/\/goldberg-tech.de\/wp-content\/uploads\/elementor\/thumbs\/jobs-parqdjzpsq4ujxc7uewgwt0iwrncm7ru8xjb2ot7kw.jpg\" title=\"jobs\" alt=\"jobs\" loading=\"lazy\" \/>\t\t\t\t\t\t\t\t\t\t\t\t\t\t\t<\/div>\n\t\t\t\t<\/div>\n\t\t\t\t\t<\/div>\n\t\t<\/div>\n\t\t\t\t\t\t\t<\/div>\n\t\t<\/section>\n\t\t\t\t<section class=\"elementor-section elementor-top-section elementor-element elementor-element-44e14c7 elementor-section-boxed elementor-section-height-default elementor-section-height-default\" data-id=\"44e14c7\" data-element_type=\"section\">\n\t\t\t\t\t\t<div class=\"elementor-container elementor-column-gap-default\">\n\t\t\t\t\t<div class=\"elementor-column elementor-col-100 elementor-top-column elementor-element elementor-element-9748236\" data-id=\"9748236\" data-element_type=\"column\">\n\t\t\t<div class=\"elementor-widget-wrap elementor-element-populated\">\n\t\t\t\t\t\t\t\t<div class=\"elementor-element elementor-element-4622047 elementor-widget elementor-widget-text-editor\" data-id=\"4622047\" data-element_type=\"widget\" data-widget_type=\"text-editor.default\">\n\t\t\t\t<div class=\"elementor-widget-container\">\n\t\t\t\t\t\t\t<div id=\"cc-m-8746889198\" class=\"n j-header\"><h3>Become a global player by Goldberg\u00ae<\/h3><\/div><div id=\"cc-m-8892424498\" class=\"n j-text\"><p>The<strong> TAM company group<\/strong> specializes in offering its customers a portfolio of industrial and craft supplies with associated services that makes highly trained and motivated specialists indispensable. In addition to the usual machining products, we also produce <a href=\"https:\/\/goldberg-tech.de\/en\/sonderwerkzeuge-2\/\" target=\"_blank\" rel=\"noopener\">Special Tools<\/a> on behalf of the customer.<\/p><p>In order to meet the increasing demands due to product innovations and market dynamics, we are constantly looking for new employees. If you are interested in working for a continuously growing company, please apply for one of the advertised positions. Unsolicited applications are welcome at any time<\/p><p>Please send us your complete application documents by post or email. If you think that you can contribute your commitment and skills to us, then you should definitely apply. We offer interesting opportunities for your career.<\/p><p>You can also find current job advertisements on<a href=\"https:\/\/www.facebook.com\/goldbergtech\" target=\"_blank\" rel=\"noopener\">\u00a0Facebook<\/a>\u00a0Or\u00a0<a href=\"https:\/\/www.instagram.com\/goldberg_tech\/\" target=\"_blank\" rel=\"noopener\">Instagram<\/a>\u00a0Or <a href=\"https:\/\/www.linkedin.com\/company\/goldberg%C2%AE-tech\/\" target=\"_blank\" rel=\"noopener\">Linkedin<\/a> !<\/p><\/div><div id=\"cc-m-8746889198\" class=\"n j-header\"><p><strong>We are currently seeking:<\/strong><\/p><h3><strong>Application Engineer (m\/f\/d)<br \/>for external sales<\/strong><\/h3><p><strong>\u00a0We require someone with:<\/strong><\/p><ul><li>Ideally master craftsman\/technician in the field of mechanical engineering or a comparable technically sound education or further training<\/li><li>Detailed knowledge of machining technology (ideal: vocational training as a lathe operator\/miller)<\/li><li>Confident appearance and negotiation skills<\/li><li>Teamwork skills<\/li><li>Communication skills<\/li><li>Personal commitment and travel activity<\/li><\/ul><p><strong>Your job description:<\/strong><\/p><ul><li>You are responsible for direct sales, support of the existing customer base and expansion of the same with reference to the company strategy<\/li><li>Technical service and advice for customers<\/li><li>Representation of the company at the trade fair<\/li><\/ul><p><strong>We offer:<\/strong><\/p><ul><li>Interesting, challenging and secure job in an internationally oriented company<\/li><li>Independent work using the latest EDP and communication tools<\/li><li>Attractive basic salary with additional performance-related remuneration<\/li><li>Company car with the possibility of private use<\/li><\/ul><p>If you are attracted by this interesting, varied and secure job, where you can develop both professionally and personally, we look forward to receiving your application. Please send your complete documents to:<br \/><a href=\"mailto:karriere@goldberg-tech.de\">karriere@goldberg-tech.de<\/a><\/p><p>You can reach us by phone at\u00a0<a href=\"call:+49240547980\">+49 24 05 &#8211; 47 98 0<\/a>\u00a0.<\/p><\/div>\t\t\t\t\t\t<\/div>\n\t\t\t\t<\/div>\n\t\t\t\t\t<\/div>\n\t\t<\/div>\n\t\t\t\t\t\t\t<\/div>\n\t\t<\/section>\n\t\t\t\t<section class=\"elementor-section elementor-top-section elementor-element elementor-element-b0a71e0 elementor-section-boxed elementor-section-height-default elementor-section-height-default\" data-id=\"b0a71e0\" data-element_type=\"section\">\n\t\t\t\t\t\t<div class=\"elementor-container elementor-column-gap-default\">\n\t\t\t\t\t\t\t\t<\/div>\n\t\t<\/section>\n\t\t\t\t<section class=\"elementor-section elementor-top-section elementor-element elementor-element-db00733 elementor-section-boxed elementor-section-height-default elementor-section-height-default\" data-id=\"db00733\" data-element_type=\"section\">\n\t\t\t\t\t\t<div class=\"elementor-container elementor-column-gap-default\">\n\t\t\t\t\t\t\t\t<\/div>\n\t\t<\/section>\n\t\t\t\t\t\t\t<\/div>","protected":false},"excerpt":{"rendered":"<p>Werden Sie zu einem Global Player mit GOLDBERG\u00ae Die TAM Unternehmensgruppe ist darauf spezialisiert, seinen Kunden in den Bereichen Industrie &#8211; und Handwerksbedarf mit zugeh\u00f6rigem Service ein Portfolio zu bieten, das top geschultes und motiviertes Fachpersonal unumg\u00e4nglich macht. Neben den \u00fcblichen Zerspanungsprodukten stellen wir auch Sonderwerkzeuge im Kundenauftrag her. Um den steigenden Anspr\u00fcchen durch Produktinnovationen &hellip;<\/p>\n<p class=\"read-more\"> <a class=\"\" href=\"https:\/\/goldberg-tech.de\/en\/karriere\/\"> <span class=\"screen-reader-text\">Career<\/span> Read More &raquo;<\/a><\/p>","protected":false},"author":3,"featured_media":0,"parent":0,"menu_order":0,"comment_status":"closed","ping_status":"closed","template":"","meta":{"footnotes":""},"class_list":["post-2857","page","type-page","status-publish","hentry"],"yoast_head":"<!-- This site is optimized with the Yoast SEO plugin v21.5 - https:\/\/yoast.com\/wordpress\/plugins\/seo\/ -->\n<title>Karriere - IHRE IDEE IST UNSERE LEIDENSCHAFT!<\/title>\n<meta name=\"description\" content=\"Wir bieten interessante Chancen f\u00fcr Ihre Karriere. Initiativbewerbungen sind jederzeit willkommen. Die TAM Unternehmensgruppe ist darauf ...\" \/>\n<meta name=\"robots\" content=\"index, follow, max-snippet:-1, max-image-preview:large, max-video-preview:-1\" \/>\n<link rel=\"canonical\" href=\"https:\/\/goldberg-tech.de\/en\/karriere\/\" \/>\n<meta property=\"og:locale\" content=\"en_US\" \/>\n<meta property=\"og:type\" content=\"article\" \/>\n<meta property=\"og:title\" content=\"Karriere - IHRE IDEE IST UNSERE LEIDENSCHAFT!\" \/>\n<meta property=\"og:description\" content=\"Wir bieten interessante Chancen f\u00fcr Ihre Karriere. Initiativbewerbungen sind jederzeit willkommen. Die TAM Unternehmensgruppe ist darauf ...\" \/>\n<meta property=\"og:url\" content=\"https:\/\/goldberg-tech.de\/en\/karriere\/\" \/>\n<meta property=\"og:site_name\" content=\"IHRE IDEE IST UNSERE LEIDENSCHAFT!\" \/>\n<meta property=\"article:publisher\" content=\"https:\/\/www.facebook.com\/goldbergtech\" \/>\n<meta property=\"article:modified_time\" content=\"2024-09-17T10:52:33+00:00\" \/>\n<meta property=\"og:image\" content=\"https:\/\/goldberg-tech.de\/wp-content\/uploads\/elementor\/thumbs\/jobs-parqdjzpsq4ujxc7uewgwt0iwrncm7ru8xjaiucykg.jpg\" \/>\n<meta name=\"twitter:card\" content=\"summary_large_image\" \/>\n<meta name=\"twitter:label1\" content=\"Est. reading time\" \/>\n\t<meta name=\"twitter:data1\" content=\"2 minutes\" \/>\n<script type=\"application\/ld+json\" class=\"yoast-schema-graph\">{\"@context\":\"https:\/\/schema.org\",\"@graph\":[{\"@type\":\"WebPage\",\"@id\":\"https:\/\/goldberg-tech.de\/karriere\/\",\"url\":\"https:\/\/goldberg-tech.de\/karriere\/\",\"name\":\"Karriere - IHRE IDEE IST UNSERE LEIDENSCHAFT!\",\"isPartOf\":{\"@id\":\"https:\/\/goldberg-tech.de\/#website\"},\"datePublished\":\"2021-07-03T14:17:11+00:00\",\"dateModified\":\"2024-09-17T10:52:33+00:00\",\"description\":\"Wir bieten interessante Chancen f\u00fcr Ihre Karriere. Initiativbewerbungen sind jederzeit willkommen. Die TAM Unternehmensgruppe ist darauf ...\",\"breadcrumb\":{\"@id\":\"https:\/\/goldberg-tech.de\/karriere\/#breadcrumb\"},\"inLanguage\":\"en-US\",\"potentialAction\":[{\"@type\":\"ReadAction\",\"target\":[\"https:\/\/goldberg-tech.de\/karriere\/\"]}]},{\"@type\":\"BreadcrumbList\",\"@id\":\"https:\/\/goldberg-tech.de\/karriere\/#breadcrumb\",\"itemListElement\":[{\"@type\":\"ListItem\",\"position\":1,\"name\":\"Startseite\",\"item\":\"https:\/\/goldberg-tech.de\/\"},{\"@type\":\"ListItem\",\"position\":2,\"name\":\"Karriere\"}]},{\"@type\":\"WebSite\",\"@id\":\"https:\/\/goldberg-tech.de\/#website\",\"url\":\"https:\/\/goldberg-tech.de\/\",\"name\":\"IHRE IDEE IST UNSERE LEIDENSCHAFT!\",\"description\":\"Goldberg\u00ae Ihre Idee ist unsere Leidenschaft\",\"publisher\":{\"@id\":\"https:\/\/goldberg-tech.de\/#organization\"},\"potentialAction\":[{\"@type\":\"SearchAction\",\"target\":{\"@type\":\"EntryPoint\",\"urlTemplate\":\"https:\/\/goldberg-tech.de\/?s={search_term_string}\"},\"query-input\":\"required name=search_term_string\"}],\"inLanguage\":\"en-US\"},{\"@type\":\"Organization\",\"@id\":\"https:\/\/goldberg-tech.de\/#organization\",\"name\":\"Tam Tools GmbH\",\"url\":\"https:\/\/goldberg-tech.de\/\",\"logo\":{\"@type\":\"ImageObject\",\"inLanguage\":\"en-US\",\"@id\":\"https:\/\/goldberg-tech.de\/#\/schema\/logo\/image\/\",\"url\":\"https:\/\/goldberg-tech.de\/wp-content\/uploads\/2021\/07\/logo.png\",\"contentUrl\":\"https:\/\/goldberg-tech.de\/wp-content\/uploads\/2021\/07\/logo.png\",\"width\":300,\"height\":90,\"caption\":\"Tam Tools GmbH\"},\"image\":{\"@id\":\"https:\/\/goldberg-tech.de\/#\/schema\/logo\/image\/\"},\"sameAs\":[\"https:\/\/www.facebook.com\/goldbergtech\",\"https:\/\/www.instagram.com\/goldberg_tech\/\",\"https:\/\/www.youtube.com\/channel\/UCQT_2EDKwKxRRtG4s9glrwg\"]}]}<\/script>\n<!-- \/ Yoast SEO plugin. -->","yoast_head_json":{"title":"Karriere - IHRE IDEE IST UNSERE LEIDENSCHAFT!","description":"Wir bieten interessante Chancen f\u00fcr Ihre Karriere. Initiativbewerbungen sind jederzeit willkommen. Die TAM Unternehmensgruppe ist darauf ...","robots":{"index":"index","follow":"follow","max-snippet":"max-snippet:-1","max-image-preview":"max-image-preview:large","max-video-preview":"max-video-preview:-1"},"canonical":"https:\/\/goldberg-tech.de\/en\/karriere\/","og_locale":"en_US","og_type":"article","og_title":"Karriere - IHRE IDEE IST UNSERE LEIDENSCHAFT!","og_description":"Wir bieten interessante Chancen f\u00fcr Ihre Karriere. Initiativbewerbungen sind jederzeit willkommen. Die TAM Unternehmensgruppe ist darauf ...","og_url":"https:\/\/goldberg-tech.de\/en\/karriere\/","og_site_name":"IHRE IDEE IST UNSERE LEIDENSCHAFT!","article_publisher":"https:\/\/www.facebook.com\/goldbergtech","article_modified_time":"2024-09-17T10:52:33+00:00","og_image":[{"url":"https:\/\/goldberg-tech.de\/wp-content\/uploads\/elementor\/thumbs\/jobs-parqdjzpsq4ujxc7uewgwt0iwrncm7ru8xjaiucykg.jpg"}],"twitter_card":"summary_large_image","twitter_misc":{"Est. reading time":"2 minutes"},"schema":{"@context":"https:\/\/schema.org","@graph":[{"@type":"WebPage","@id":"https:\/\/goldberg-tech.de\/karriere\/","url":"https:\/\/goldberg-tech.de\/karriere\/","name":"Karriere - IHRE IDEE IST UNSERE LEIDENSCHAFT!","isPartOf":{"@id":"https:\/\/goldberg-tech.de\/#website"},"datePublished":"2021-07-03T14:17:11+00:00","dateModified":"2024-09-17T10:52:33+00:00","description":"Wir bieten interessante Chancen f\u00fcr Ihre Karriere. Initiativbewerbungen sind jederzeit willkommen. Die TAM Unternehmensgruppe ist darauf ...","breadcrumb":{"@id":"https:\/\/goldberg-tech.de\/karriere\/#breadcrumb"},"inLanguage":"en-US","potentialAction":[{"@type":"ReadAction","target":["https:\/\/goldberg-tech.de\/karriere\/"]}]},{"@type":"BreadcrumbList","@id":"https:\/\/goldberg-tech.de\/karriere\/#breadcrumb","itemListElement":[{"@type":"ListItem","position":1,"name":"Startseite","item":"https:\/\/goldberg-tech.de\/"},{"@type":"ListItem","position":2,"name":"Karriere"}]},{"@type":"WebSite","@id":"https:\/\/goldberg-tech.de\/#website","url":"https:\/\/goldberg-tech.de\/","name":"IHRE IDEE IST UNSERE LEIDENSCHAFT!","description":"Goldberg\u00ae Ihre Idee ist unsere Leidenschaft","publisher":{"@id":"https:\/\/goldberg-tech.de\/#organization"},"potentialAction":[{"@type":"SearchAction","target":{"@type":"EntryPoint","urlTemplate":"https:\/\/goldberg-tech.de\/?s={search_term_string}"},"query-input":"required name=search_term_string"}],"inLanguage":"en-US"},{"@type":"Organization","@id":"https:\/\/goldberg-tech.de\/#organization","name":"Tam Tools GmbH","url":"https:\/\/goldberg-tech.de\/","logo":{"@type":"ImageObject","inLanguage":"en-US","@id":"https:\/\/goldberg-tech.de\/#\/schema\/logo\/image\/","url":"https:\/\/goldberg-tech.de\/wp-content\/uploads\/2021\/07\/logo.png","contentUrl":"https:\/\/goldberg-tech.de\/wp-content\/uploads\/2021\/07\/logo.png","width":300,"height":90,"caption":"Tam Tools GmbH"},"image":{"@id":"https:\/\/goldberg-tech.de\/#\/schema\/logo\/image\/"},"sameAs":["https:\/\/www.facebook.com\/goldbergtech","https:\/\/www.instagram.com\/goldberg_tech\/","https:\/\/www.youtube.com\/channel\/UCQT_2EDKwKxRRtG4s9glrwg"]}]}},"jetpack_sharing_enabled":true,"_links":{"self":[{"href":"https:\/\/goldberg-tech.de\/en\/wp-json\/wp\/v2\/pages\/2857","targetHints":{"allow":["GET"]}}],"collection":[{"href":"https:\/\/goldberg-tech.de\/en\/wp-json\/wp\/v2\/pages"}],"about":[{"href":"https:\/\/goldberg-tech.de\/en\/wp-json\/wp\/v2\/types\/page"}],"author":[{"embeddable":true,"href":"https:\/\/goldberg-tech.de\/en\/wp-json\/wp\/v2\/users\/3"}],"replies":[{"embeddable":true,"href":"https:\/\/goldberg-tech.de\/en\/wp-json\/wp\/v2\/comments?post=2857"}],"version-history":[{"count":61,"href":"https:\/\/goldberg-tech.de\/en\/wp-json\/wp\/v2\/pages\/2857\/revisions"}],"predecessor-version":[{"id":5267,"href":"https:\/\/goldberg-tech.de\/en\/wp-json\/wp\/v2\/pages\/2857\/revisions\/5267"}],"wp:attachment":[{"href":"https:\/\/goldberg-tech.de\/en\/wp-json\/wp\/v2\/media?parent=2857"}],"curies":[{"name":"wp","href":"https:\/\/api.w.org\/{rel}","templated":true}]}}