{"id":2907,"date":"2021-07-03T16:20:39","date_gmt":"2021-07-03T16:20:39","guid":{"rendered":"https:\/\/das-kreative-buero.fuelmedia.de\/?page_id=2907"},"modified":"2021-09-06T05:00:33","modified_gmt":"2021-09-06T05:00:33","slug":"impressum","status":"publish","type":"page","link":"https:\/\/goldberg-tech.de\/en\/impressum\/","title":{"rendered":"Imprint"},"content":{"rendered":"<div data-elementor-type=\"wp-page\" data-elementor-id=\"2907\" class=\"elementor elementor-2907\" data-elementor-post-type=\"page\">\n\t\t\t\t\t\t\t\t\t<section class=\"elementor-section elementor-top-section elementor-element elementor-element-2e8b51d0 elementor-section-boxed elementor-section-height-default elementor-section-height-default\" data-id=\"2e8b51d0\" data-element_type=\"section\">\n\t\t\t\t\t\t<div class=\"elementor-container elementor-column-gap-default\">\n\t\t\t\t\t<div class=\"elementor-column elementor-col-100 elementor-top-column elementor-element elementor-element-5c1c93a5\" data-id=\"5c1c93a5\" data-element_type=\"column\">\n\t\t\t<div class=\"elementor-widget-wrap elementor-element-populated\">\n\t\t\t\t\t\t\t\t<div class=\"elementor-element elementor-element-7496e210 elementor-widget elementor-widget-text-editor\" data-id=\"7496e210\" data-element_type=\"widget\" data-widget_type=\"text-editor.default\">\n\t\t\t\t<div class=\"elementor-widget-container\">\n\t\t\t\t\t\t\t<!-- wp:paragraph -->\n<p><strong>Details according to \u00a7 5 TMG:<\/strong><\/p>\n<!-- \/wp:paragraph --><!-- wp:paragraph -->\n<p>TAM-Tools GmbH, Karl-Carstens-Str. 9, 52146 W\u00fcrselen<\/p>\n<!-- \/wp:paragraph --><!-- wp:paragraph -->\n<p>Represented by: Dipl.-Ing. Sahset Pehlivan<\/p>\n<!-- \/wp:paragraph --><!-- wp:paragraph -->\n<p><strong>Contact:<\/strong><\/p>\n<!-- \/wp:paragraph --><!-- wp:paragraph -->\n<p>Telefon: 02405\/47980<\/p>\n<!-- \/wp:paragraph --><!-- wp:paragraph -->\n<p>Telefax: 02405\/479820<\/p>\n<!-- \/wp:paragraph --><!-- wp:paragraph -->\n<p>E-Mail: info[at]goldberg-tech.de<\/p>\n<!-- \/wp:paragraph --><!-- wp:paragraph -->\n<p><strong>Registry entry:<\/strong><\/p>\n<!-- \/wp:paragraph --><!-- wp:paragraph -->\n<p>Entry in the Commercial Register: Aachen\u00a0<\/p>\n<!-- \/wp:paragraph --><!-- wp:paragraph -->\n<p>Registernumber: 13525<\/p>\n<!-- \/wp:paragraph --><!-- wp:paragraph -->\n<p><strong>VAT ID:<\/strong><\/p>\n<!-- \/wp:paragraph --><!-- wp:paragraph -->\n<p>Sales tax identification number according to \u00a727 a sales tax law: DE247219277<\/p>\n<!-- \/wp:paragraph --><!-- wp:paragraph --><!-- \/wp:paragraph --><!-- wp:paragraph -->\n<p>Disclaimer<\/p>\n<!-- \/wp:paragraph --><!-- wp:paragraph -->\n<p><strong>Content liability<\/strong><\/p>\n<!-- \/wp:paragraph --><!-- wp:paragraph -->\n<p>As a service provider, we are responsible for our own content on these pages in accordance with general legislation pursuant to Section 7 (1) of the German Telemedia Act (TMG). According to \u00a7\u00a7 8 to 10 TMG, however, we are not obligated as a service provider to monitor transmitted or stored third-party information or to investigate circumstances that indicate illegal activity. Obligations to remove or block the use of information under the general laws remain unaffected. However, liability in this regard is only possible from the point in time at which a concrete infringement of the law becomes known. If we become aware of such infringements, we will remove this content immediately.\n\nTranslated with www.DeepL.com\/Translator (free version)<\/p>\n<!-- \/wp:paragraph --><!-- wp:paragraph -->\n<p><strong>Link liability<\/strong><\/p>\n<!-- \/wp:paragraph --><!-- wp:paragraph -->\n<p>Our offer contains links to external websites of third parties, on whose contents we have no influence. Therefore, we cannot assume any liability for these external contents. The respective provider or operator of the pages is always responsible for the content of the linked pages. The linked pages were checked for possible legal violations at the time of linking. Illegal contents were not recognizable at the time of linking. However, a permanent control of the contents of the linked pages is not reasonable without concrete evidence of a violation of the law. If we become aware of any infringements, we will remove such links immediately.<\/p>\n<!-- \/wp:paragraph --><!-- wp:paragraph -->\n<p><strong>Copyright<\/strong><\/p>\n<!-- \/wp:paragraph --><!-- wp:paragraph -->\n<p>The content and works created by the site operators on these pages are subject to German copyright law. The reproduction, editing, distribution and any kind of exploitation outside the limits of copyright require the written consent of the respective author or creator. Downloads and copies of this site are only permitted for private, non-commercial use. Insofar as the content on this site was not created by the operator, the copyrights of third parties are respected. In particular, third-party content is identified as such. Should you nevertheless become aware of a copyright infringement, please inform us accordingly. If we become aware of any infringements, we will remove such content immediately.<\/p>\n<!-- \/wp:paragraph -->\t\t\t\t\t\t<\/div>\n\t\t\t\t<\/div>\n\t\t\t\t\t<\/div>\n\t\t<\/div>\n\t\t\t\t\t\t\t<\/div>\n\t\t<\/section>\n\t\t\t\t\t\t\t<\/div>","protected":false},"excerpt":{"rendered":"<p>Angaben gem\u00e4\u00df \u00a7 5 TMG: TAM-Tools GmbH, Karl-Carstens-Str. 9, 52146 W\u00fcrselen Vertreten durch: Dipl.-Ing. Sahset Pehlivan Kontakt: Telefon: 02405\/47980 Telefax: 02405\/479820 E-Mail: info[at]goldberg-tech.de Registereintrag: Eintragung im Handelsregister: Aachen\u00a0 Registernummer: 13525 Umsatzsteuer-ID: Umsatzsteuer-Identifikationsnummer gem\u00e4\u00df \u00a727 a Umsatzsteuergesetz:DE247219277 Haftungsausschluss (Disclaimer) Haftung f\u00fcr Inhalte Als Diensteanbieter sind wir gem\u00e4\u00df \u00a7 7 Abs.1 TMG f\u00fcr eigene Inhalte auf diesen &hellip;<\/p>\n<p class=\"read-more\"> <a class=\"\" href=\"https:\/\/goldberg-tech.de\/en\/impressum\/\"> <span class=\"screen-reader-text\">Imprint<\/span> Read More &raquo;<\/a><\/p>","protected":false},"author":3,"featured_media":0,"parent":0,"menu_order":0,"comment_status":"closed","ping_status":"closed","template":"","meta":{"footnotes":""},"class_list":["post-2907","page","type-page","status-publish","hentry"],"yoast_head":"<!-- This site is optimized with the Yoast SEO plugin v21.5 - https:\/\/yoast.com\/wordpress\/plugins\/seo\/ -->\n<title>Impressum - IHRE IDEE IST UNSERE LEIDENSCHAFT!<\/title>\n<meta name=\"robots\" content=\"index, follow, max-snippet:-1, max-image-preview:large, max-video-preview:-1\" \/>\n<link rel=\"canonical\" href=\"https:\/\/goldberg-tech.de\/en\/impressum\/\" \/>\n<meta property=\"og:locale\" content=\"en_US\" \/>\n<meta property=\"og:type\" content=\"article\" \/>\n<meta property=\"og:title\" content=\"Impressum - IHRE IDEE IST UNSERE LEIDENSCHAFT!\" \/>\n<meta property=\"og:description\" content=\"Angaben gem\u00e4\u00df \u00a7 5 TMG: TAM-Tools GmbH, Karl-Carstens-Str. 9, 52146 W\u00fcrselen Vertreten durch: Dipl.-Ing. Sahset Pehlivan Kontakt: Telefon: 02405\/47980 Telefax: 02405\/479820 E-Mail: info[at]goldberg-tech.de Registereintrag: Eintragung im Handelsregister: Aachen\u00a0 Registernummer: 13525 Umsatzsteuer-ID: Umsatzsteuer-Identifikationsnummer gem\u00e4\u00df \u00a727 a Umsatzsteuergesetz:DE247219277 Haftungsausschluss (Disclaimer) Haftung f\u00fcr Inhalte Als Diensteanbieter sind wir gem\u00e4\u00df \u00a7 7 Abs.1 TMG f\u00fcr eigene Inhalte auf diesen &hellip; Impressum Read More &raquo;\" \/>\n<meta property=\"og:url\" content=\"https:\/\/goldberg-tech.de\/en\/impressum\/\" \/>\n<meta property=\"og:site_name\" content=\"IHRE IDEE IST UNSERE LEIDENSCHAFT!\" \/>\n<meta property=\"article:publisher\" content=\"https:\/\/www.facebook.com\/goldbergtech\" \/>\n<meta property=\"article:modified_time\" content=\"2021-09-06T05:00:33+00:00\" \/>\n<meta name=\"twitter:card\" content=\"summary_large_image\" \/>\n<meta name=\"twitter:label1\" content=\"Est. reading time\" \/>\n\t<meta name=\"twitter:data1\" content=\"2 minutes\" \/>\n<script type=\"application\/ld+json\" class=\"yoast-schema-graph\">{\"@context\":\"https:\/\/schema.org\",\"@graph\":[{\"@type\":\"WebPage\",\"@id\":\"https:\/\/goldberg-tech.de\/impressum\/\",\"url\":\"https:\/\/goldberg-tech.de\/impressum\/\",\"name\":\"Impressum - IHRE IDEE IST UNSERE LEIDENSCHAFT!\",\"isPartOf\":{\"@id\":\"https:\/\/goldberg-tech.de\/#website\"},\"datePublished\":\"2021-07-03T16:20:39+00:00\",\"dateModified\":\"2021-09-06T05:00:33+00:00\",\"breadcrumb\":{\"@id\":\"https:\/\/goldberg-tech.de\/impressum\/#breadcrumb\"},\"inLanguage\":\"en-US\",\"potentialAction\":[{\"@type\":\"ReadAction\",\"target\":[\"https:\/\/goldberg-tech.de\/impressum\/\"]}]},{\"@type\":\"BreadcrumbList\",\"@id\":\"https:\/\/goldberg-tech.de\/impressum\/#breadcrumb\",\"itemListElement\":[{\"@type\":\"ListItem\",\"position\":1,\"name\":\"Startseite\",\"item\":\"https:\/\/goldberg-tech.de\/\"},{\"@type\":\"ListItem\",\"position\":2,\"name\":\"Impressum\"}]},{\"@type\":\"WebSite\",\"@id\":\"https:\/\/goldberg-tech.de\/#website\",\"url\":\"https:\/\/goldberg-tech.de\/\",\"name\":\"IHRE IDEE IST UNSERE LEIDENSCHAFT!\",\"description\":\"Goldberg\u00ae Ihre Idee ist unsere Leidenschaft\",\"publisher\":{\"@id\":\"https:\/\/goldberg-tech.de\/#organization\"},\"potentialAction\":[{\"@type\":\"SearchAction\",\"target\":{\"@type\":\"EntryPoint\",\"urlTemplate\":\"https:\/\/goldberg-tech.de\/?s={search_term_string}\"},\"query-input\":\"required name=search_term_string\"}],\"inLanguage\":\"en-US\"},{\"@type\":\"Organization\",\"@id\":\"https:\/\/goldberg-tech.de\/#organization\",\"name\":\"Tam Tools GmbH\",\"url\":\"https:\/\/goldberg-tech.de\/\",\"logo\":{\"@type\":\"ImageObject\",\"inLanguage\":\"en-US\",\"@id\":\"https:\/\/goldberg-tech.de\/#\/schema\/logo\/image\/\",\"url\":\"https:\/\/goldberg-tech.de\/wp-content\/uploads\/2021\/07\/logo.png\",\"contentUrl\":\"https:\/\/goldberg-tech.de\/wp-content\/uploads\/2021\/07\/logo.png\",\"width\":300,\"height\":90,\"caption\":\"Tam Tools GmbH\"},\"image\":{\"@id\":\"https:\/\/goldberg-tech.de\/#\/schema\/logo\/image\/\"},\"sameAs\":[\"https:\/\/www.facebook.com\/goldbergtech\",\"https:\/\/www.instagram.com\/goldberg_tech\/\",\"https:\/\/www.youtube.com\/channel\/UCQT_2EDKwKxRRtG4s9glrwg\"]}]}<\/script>\n<!-- \/ Yoast SEO plugin. -->","yoast_head_json":{"title":"Impressum - IHRE IDEE IST UNSERE LEIDENSCHAFT!","robots":{"index":"index","follow":"follow","max-snippet":"max-snippet:-1","max-image-preview":"max-image-preview:large","max-video-preview":"max-video-preview:-1"},"canonical":"https:\/\/goldberg-tech.de\/en\/impressum\/","og_locale":"en_US","og_type":"article","og_title":"Impressum - IHRE IDEE IST UNSERE LEIDENSCHAFT!","og_description":"Angaben gem\u00e4\u00df \u00a7 5 TMG: TAM-Tools GmbH, Karl-Carstens-Str. 9, 52146 W\u00fcrselen Vertreten durch: Dipl.-Ing. Sahset Pehlivan Kontakt: Telefon: 02405\/47980 Telefax: 02405\/479820 E-Mail: info[at]goldberg-tech.de Registereintrag: Eintragung im Handelsregister: Aachen\u00a0 Registernummer: 13525 Umsatzsteuer-ID: Umsatzsteuer-Identifikationsnummer gem\u00e4\u00df \u00a727 a Umsatzsteuergesetz:DE247219277 Haftungsausschluss (Disclaimer) Haftung f\u00fcr Inhalte Als Diensteanbieter sind wir gem\u00e4\u00df \u00a7 7 Abs.1 TMG f\u00fcr eigene Inhalte auf diesen &hellip; Impressum Read More &raquo;","og_url":"https:\/\/goldberg-tech.de\/en\/impressum\/","og_site_name":"IHRE IDEE IST UNSERE LEIDENSCHAFT!","article_publisher":"https:\/\/www.facebook.com\/goldbergtech","article_modified_time":"2021-09-06T05:00:33+00:00","twitter_card":"summary_large_image","twitter_misc":{"Est. reading time":"2 minutes"},"schema":{"@context":"https:\/\/schema.org","@graph":[{"@type":"WebPage","@id":"https:\/\/goldberg-tech.de\/impressum\/","url":"https:\/\/goldberg-tech.de\/impressum\/","name":"Impressum - IHRE IDEE IST UNSERE LEIDENSCHAFT!","isPartOf":{"@id":"https:\/\/goldberg-tech.de\/#website"},"datePublished":"2021-07-03T16:20:39+00:00","dateModified":"2021-09-06T05:00:33+00:00","breadcrumb":{"@id":"https:\/\/goldberg-tech.de\/impressum\/#breadcrumb"},"inLanguage":"en-US","potentialAction":[{"@type":"ReadAction","target":["https:\/\/goldberg-tech.de\/impressum\/"]}]},{"@type":"BreadcrumbList","@id":"https:\/\/goldberg-tech.de\/impressum\/#breadcrumb","itemListElement":[{"@type":"ListItem","position":1,"name":"Startseite","item":"https:\/\/goldberg-tech.de\/"},{"@type":"ListItem","position":2,"name":"Impressum"}]},{"@type":"WebSite","@id":"https:\/\/goldberg-tech.de\/#website","url":"https:\/\/goldberg-tech.de\/","name":"IHRE IDEE IST UNSERE LEIDENSCHAFT!","description":"Goldberg\u00ae Ihre Idee ist unsere Leidenschaft","publisher":{"@id":"https:\/\/goldberg-tech.de\/#organization"},"potentialAction":[{"@type":"SearchAction","target":{"@type":"EntryPoint","urlTemplate":"https:\/\/goldberg-tech.de\/?s={search_term_string}"},"query-input":"required name=search_term_string"}],"inLanguage":"en-US"},{"@type":"Organization","@id":"https:\/\/goldberg-tech.de\/#organization","name":"Tam Tools GmbH","url":"https:\/\/goldberg-tech.de\/","logo":{"@type":"ImageObject","inLanguage":"en-US","@id":"https:\/\/goldberg-tech.de\/#\/schema\/logo\/image\/","url":"https:\/\/goldberg-tech.de\/wp-content\/uploads\/2021\/07\/logo.png","contentUrl":"https:\/\/goldberg-tech.de\/wp-content\/uploads\/2021\/07\/logo.png","width":300,"height":90,"caption":"Tam Tools GmbH"},"image":{"@id":"https:\/\/goldberg-tech.de\/#\/schema\/logo\/image\/"},"sameAs":["https:\/\/www.facebook.com\/goldbergtech","https:\/\/www.instagram.com\/goldberg_tech\/","https:\/\/www.youtube.com\/channel\/UCQT_2EDKwKxRRtG4s9glrwg"]}]}},"jetpack_sharing_enabled":true,"_links":{"self":[{"href":"https:\/\/goldberg-tech.de\/en\/wp-json\/wp\/v2\/pages\/2907","targetHints":{"allow":["GET"]}}],"collection":[{"href":"https:\/\/goldberg-tech.de\/en\/wp-json\/wp\/v2\/pages"}],"about":[{"href":"https:\/\/goldberg-tech.de\/en\/wp-json\/wp\/v2\/types\/page"}],"author":[{"embeddable":true,"href":"https:\/\/goldberg-tech.de\/en\/wp-json\/wp\/v2\/users\/3"}],"replies":[{"embeddable":true,"href":"https:\/\/goldberg-tech.de\/en\/wp-json\/wp\/v2\/comments?post=2907"}],"version-history":[{"count":7,"href":"https:\/\/goldberg-tech.de\/en\/wp-json\/wp\/v2\/pages\/2907\/revisions"}],"predecessor-version":[{"id":4381,"href":"https:\/\/goldberg-tech.de\/en\/wp-json\/wp\/v2\/pages\/2907\/revisions\/4381"}],"wp:attachment":[{"href":"https:\/\/goldberg-tech.de\/en\/wp-json\/wp\/v2\/media?parent=2907"}],"curies":[{"name":"wp","href":"https:\/\/api.w.org\/{rel}","templated":true}]}}