{"id":414,"date":"2017-12-21T09:00:47","date_gmt":"2017-12-21T09:00:47","guid":{"rendered":"https:\/\/das-kreative-buero.fuelmedia.de\/?page_id=414"},"modified":"2024-09-24T14:28:12","modified_gmt":"2024-09-24T14:28:12","slug":"contact-us","status":"publish","type":"page","link":"https:\/\/goldberg-tech.de\/en\/contact-us\/","title":{"rendered":"Contact"},"content":{"rendered":"<div data-elementor-type=\"wp-post\" data-elementor-id=\"414\" class=\"elementor elementor-414\" data-elementor-post-type=\"page\">\n\t\t\t\t\t\t\t\t\t<section class=\"elementor-section elementor-top-section elementor-element elementor-element-adcc176 elementor-section-content-middle elementor-section-boxed elementor-section-height-default elementor-section-height-default\" data-id=\"adcc176\" data-element_type=\"section\">\n\t\t\t\t\t\t<div class=\"elementor-container elementor-column-gap-default\">\n\t\t\t\t\t<div class=\"elementor-column elementor-col-50 elementor-top-column elementor-element elementor-element-a91ad32\" data-id=\"a91ad32\" data-element_type=\"column\">\n\t\t\t<div class=\"elementor-widget-wrap elementor-element-populated\">\n\t\t\t\t\t\t\t\t<div class=\"elementor-element elementor-element-58290db elementor-invisible elementor-widget elementor-widget-video\" data-id=\"58290db\" data-element_type=\"widget\" data-settings=\"{&quot;video_type&quot;:&quot;hosted&quot;,&quot;autoplay&quot;:&quot;yes&quot;,&quot;_animation&quot;:&quot;fadeIn&quot;,&quot;controls&quot;:&quot;yes&quot;}\" data-widget_type=\"video.default\">\n\t\t\t\t<div class=\"elementor-widget-container\">\n\t\t\t\t\t<div class=\"e-hosted-video elementor-wrapper elementor-open-inline\">\n\t\t\t\t\t<video class=\"elementor-video\" src=\"https:\/\/goldberg-tech.de\/wp-content\/uploads\/Data-Cloud-Cyber-Security-Title-Logo_1.mp4\" autoplay=\"\" controls=\"\" controlslist=\"nodownload\"><\/video>\n\t\t\t\t<\/div>\n\t\t\t\t<\/div>\n\t\t\t\t<\/div>\n\t\t\t\t<div class=\"elementor-element elementor-element-b5a2814 elementor-invisible elementor-widget elementor-widget-heading\" data-id=\"b5a2814\" data-element_type=\"widget\" data-settings=\"{&quot;_animation&quot;:&quot;fadeInLeft&quot;}\" data-widget_type=\"heading.default\">\n\t\t\t\t<div class=\"elementor-widget-container\">\n\t\t\t<h6 class=\"elementor-heading-title elementor-size-default\">Any questions, suggestions? <br>\nTell us. <br>\nWe listen.<\/h6>\t\t<\/div>\n\t\t\t\t<\/div>\n\t\t\t\t<div class=\"elementor-element elementor-element-0c7ce3f elementor-widget__width-initial elementor-view-default elementor-invisible elementor-widget elementor-widget-icon\" data-id=\"0c7ce3f\" data-element_type=\"widget\" data-settings=\"{&quot;_animation&quot;:&quot;fadeInDown&quot;}\" data-widget_type=\"icon.default\">\n\t\t\t\t<div class=\"elementor-widget-container\">\n\t\t\t\t\t<div class=\"elementor-icon-wrapper\">\n\t\t\t<a class=\"elementor-icon elementor-animation-bounce-in\" href=\"https:\/\/www.facebook.com\/goldbergtech\" target=\"_blank\">\n\t\t\t<i aria-hidden=\"true\" class=\"fab fa-facebook\"><\/i>\t\t\t<\/a>\n\t\t<\/div>\n\t\t\t\t<\/div>\n\t\t\t\t<\/div>\n\t\t\t\t<div class=\"elementor-element elementor-element-5eb0e1e elementor-widget__width-initial elementor-view-default elementor-invisible elementor-widget elementor-widget-icon\" data-id=\"5eb0e1e\" data-element_type=\"widget\" data-settings=\"{&quot;_animation&quot;:&quot;fadeInDown&quot;}\" data-widget_type=\"icon.default\">\n\t\t\t\t<div class=\"elementor-widget-container\">\n\t\t\t\t\t<div class=\"elementor-icon-wrapper\">\n\t\t\t<a class=\"elementor-icon elementor-animation-bounce-in\" href=\"https:\/\/www.instagram.com\/goldberg_tech\/\" target=\"_blank\">\n\t\t\t<i aria-hidden=\"true\" class=\"fab fa-instagram\"><\/i>\t\t\t<\/a>\n\t\t<\/div>\n\t\t\t\t<\/div>\n\t\t\t\t<\/div>\n\t\t\t\t<div class=\"elementor-element elementor-element-884a34f elementor-widget__width-initial elementor-view-default elementor-invisible elementor-widget elementor-widget-icon\" data-id=\"884a34f\" data-element_type=\"widget\" data-settings=\"{&quot;_animation&quot;:&quot;fadeInDown&quot;}\" data-widget_type=\"icon.default\">\n\t\t\t\t<div class=\"elementor-widget-container\">\n\t\t\t\t\t<div class=\"elementor-icon-wrapper\">\n\t\t\t<a class=\"elementor-icon elementor-animation-bounce-in\" href=\"https:\/\/www.linkedin.com\/company\/goldberg%C2%AE-tech\/\" target=\"_blank\">\n\t\t\t<i aria-hidden=\"true\" class=\"fab fa-linkedin\"><\/i>\t\t\t<\/a>\n\t\t<\/div>\n\t\t\t\t<\/div>\n\t\t\t\t<\/div>\n\t\t\t\t<div class=\"elementor-element elementor-element-6c2999c elementor-widget__width-initial elementor-invisible elementor-widget elementor-widget-text-editor\" data-id=\"6c2999c\" data-element_type=\"widget\" data-settings=\"{&quot;_animation&quot;:&quot;fadeInUp&quot;}\" data-widget_type=\"text-editor.default\">\n\t\t\t\t<div class=\"elementor-widget-container\">\n\t\t\t\t\t\t\t<p style=\"text-align: center;\">Email: info@goldberg-tech.de<\/p><p style=\"text-align: center;\"><strong style=\"font-style: inherit;\">Business hours<\/strong><\/p><p style=\"text-align: center;\">Monday - Friday 8:00 to 17:00<\/p>\t\t\t\t\t\t<\/div>\n\t\t\t\t<\/div>\n\t\t\t\t<div class=\"elementor-element elementor-element-6c45b9c elementor-widget elementor-widget-heading\" data-id=\"6c45b9c\" data-element_type=\"widget\" data-widget_type=\"heading.default\">\n\t\t\t\t<div class=\"elementor-widget-container\">\n\t\t\t<h4 class=\"elementor-heading-title elementor-size-default\">Urgent? Give us a call.<\/h4>\t\t<\/div>\n\t\t\t\t<\/div>\n\t\t\t\t<div class=\"elementor-element elementor-element-328a95d elementor-widget elementor-widget-heading\" data-id=\"328a95d\" data-element_type=\"widget\" data-widget_type=\"heading.default\">\n\t\t\t\t<div class=\"elementor-widget-container\">\n\t\t\t<h4 class=\"elementor-heading-title elementor-size-default\"><a href=\"tel:+49240547980\">+49 (0)2405 47980<\/a><\/h4>\t\t<\/div>\n\t\t\t\t<\/div>\n\t\t\t\t\t<\/div>\n\t\t<\/div>\n\t\t\t\t<div class=\"elementor-column elementor-col-50 elementor-top-column elementor-element elementor-element-063df41 elementor-invisible\" data-id=\"063df41\" data-element_type=\"column\" data-settings=\"{&quot;background_background&quot;:&quot;classic&quot;,&quot;animation&quot;:&quot;fadeInDown&quot;,&quot;background_motion_fx_motion_fx_scrolling&quot;:&quot;yes&quot;,&quot;background_motion_fx_translateY_effect&quot;:&quot;yes&quot;,&quot;background_motion_fx_translateY_speed&quot;:{&quot;unit&quot;:&quot;px&quot;,&quot;size&quot;:4,&quot;sizes&quot;:[]},&quot;background_motion_fx_translateY_affectedRange&quot;:{&quot;unit&quot;:&quot;%&quot;,&quot;size&quot;:&quot;&quot;,&quot;sizes&quot;:{&quot;start&quot;:0,&quot;end&quot;:100}},&quot;background_motion_fx_devices&quot;:[&quot;desktop&quot;,&quot;tablet&quot;,&quot;mobile&quot;]}\">\n\t\t\t<div class=\"elementor-widget-wrap elementor-element-populated\">\n\t\t\t\t\t\t\t\t<div class=\"elementor-element elementor-element-be7c042 elementor-widget elementor-widget-shortcode\" data-id=\"be7c042\" data-element_type=\"widget\" data-settings=\"{&quot;_animation&quot;:&quot;none&quot;}\" data-widget_type=\"shortcode.default\">\n\t\t\t\t<div class=\"elementor-widget-container\">\n\t\t\t\t\t<div class=\"elementor-shortcode\"><div class=\"wpforms-container\" id=\"wpforms-2831\"><form id=\"wpforms-form-2831\" class=\"wpforms-validate wpforms-form\" data-formid=\"2831\" method=\"post\" enctype=\"multipart\/form-data\" action=\"\/en\/wp-json\/wp\/v2\/pages\/414\" data-token=\"9e9e897e68167178d8b8cca8ea7cd494\" data-trp-original-action=\"\/en\/wp-json\/wp\/v2\/pages\/414\"><noscript class=\"wpforms-error-noscript\">Please enable JavaScript in your browser to complete this form.<\/noscript><div class=\"wpforms-field-container\"><div id=\"wpforms-2831-field_0-container\" class=\"wpforms-field wpforms-field-name\" data-field-id=\"0\"><label class=\"wpforms-field-label wpforms-label-hide\" for=\"wpforms-2831-field_0\">Name <span class=\"wpforms-required-label\">*<\/span><\/label><input type=\"text\" id=\"wpforms-2831-field_0\" class=\"wpforms-field-large wpforms-field-required\" name=\"wpforms[fields][0]\" placeholder=\"NAME\" required><\/div><div id=\"wpforms-2831-field_5-container\" class=\"wpforms-field wpforms-field-text\" data-field-id=\"5\"><input type=\"text\" id=\"wpforms-2831-field_5\" class=\"wpforms-field-large\" name=\"wpforms[fields][5]\" placeholder=\"SUBJEKT\" ><\/div><div id=\"wpforms-2831-field_4-container\" class=\"wpforms-field wpforms-field-email\" data-field-id=\"4\"><label class=\"wpforms-field-label wpforms-label-hide\" for=\"wpforms-2831-field_4\">EMAIL <span class=\"wpforms-required-label\">*<\/span><\/label><input type=\"email\" id=\"wpforms-2831-field_4\" class=\"wpforms-field-large wpforms-field-required\" name=\"wpforms[fields][4]\" placeholder=\"EMAIL\" spellcheck=\"false\" required><\/div><div id=\"wpforms-2831-field_2-container\" class=\"wpforms-field wpforms-field-textarea\" data-field-id=\"2\"><label class=\"wpforms-field-label wpforms-label-hide\" for=\"wpforms-2831-field_2\">Message <span class=\"wpforms-required-label\">*<\/span><\/label><textarea id=\"wpforms-2831-field_2\" class=\"wpforms-field-large wpforms-field-required\" name=\"wpforms[fields][2]\" placeholder=\"MESSAGE\" required><\/textarea><\/div><\/div><!-- .wpforms-field-container --><div class=\"wpforms-field wpforms-field-hp\"><label for=\"wpforms-2831-field-hp\" class=\"wpforms-field-label\">Name<\/label><input type=\"text\" name=\"wpforms[hp]\" id=\"wpforms-2831-field-hp\" class=\"wpforms-field-medium\"><\/div><div class=\"wpforms-submit-container\" ><input type=\"hidden\" name=\"wpforms[id]\" value=\"2831\"><input type=\"hidden\" name=\"wpforms[author]\" value=\"3\"><button type=\"submit\" name=\"wpforms[submit]\" id=\"wpforms-submit-2831\" class=\"wpforms-submit\" data-alt-text=\"Sending...\" data-submit-text=\"Absenden\" aria-live=\"assertive\" value=\"wpforms-submit\">Submit<\/button><\/div><input type=\"hidden\" name=\"trp-form-language\" value=\"en\"\/><\/form><\/div>  <!-- .wpforms-container --><\/div>\n\t\t\t\t<\/div>\n\t\t\t\t<\/div>\n\t\t\t\t\t<\/div>\n\t\t<\/div>\n\t\t\t\t\t\t\t<\/div>\n\t\t<\/section>\n\t\t\t\t<section class=\"elementor-section elementor-top-section elementor-element elementor-element-e2ff142 elementor-section-boxed elementor-section-height-default elementor-section-height-default\" data-id=\"e2ff142\" data-element_type=\"section\">\n\t\t\t\t\t\t<div class=\"elementor-container elementor-column-gap-default\">\n\t\t\t\t\t<div class=\"elementor-column elementor-col-100 elementor-top-column elementor-element elementor-element-af564d3\" data-id=\"af564d3\" data-element_type=\"column\">\n\t\t\t<div class=\"elementor-widget-wrap\">\n\t\t\t\t\t\t\t\t\t<\/div>\n\t\t<\/div>\n\t\t\t\t\t\t\t<\/div>\n\t\t<\/section>\n\t\t\t\t<section class=\"elementor-section elementor-top-section elementor-element elementor-element-cea70f3 elementor-section-boxed elementor-section-height-default elementor-section-height-default\" data-id=\"cea70f3\" data-element_type=\"section\">\n\t\t\t\t\t\t<div class=\"elementor-container elementor-column-gap-default\">\n\t\t\t\t\t<div class=\"elementor-column elementor-col-100 elementor-top-column elementor-element elementor-element-4672738\" data-id=\"4672738\" data-element_type=\"column\">\n\t\t\t<div class=\"elementor-widget-wrap\">\n\t\t\t\t\t\t\t\t\t<\/div>\n\t\t<\/div>\n\t\t\t\t\t\t\t<\/div>\n\t\t<\/section>\n\t\t\t\t<section class=\"elementor-section elementor-top-section elementor-element elementor-element-601ac8a elementor-section-boxed elementor-section-height-default elementor-section-height-default\" data-id=\"601ac8a\" data-element_type=\"section\">\n\t\t\t\t\t\t<div class=\"elementor-container elementor-column-gap-default\">\n\t\t\t\t\t<div class=\"elementor-column elementor-col-100 elementor-top-column elementor-element elementor-element-343ce0a\" data-id=\"343ce0a\" data-element_type=\"column\">\n\t\t\t<div class=\"elementor-widget-wrap elementor-element-populated\">\n\t\t\t\t\t\t\t\t<div class=\"elementor-element elementor-element-caa7c99 elementor-widget__width-initial elementor-widget elementor-widget-google_maps\" data-id=\"caa7c99\" data-element_type=\"widget\" data-widget_type=\"google_maps.default\">\n\t\t\t\t<div class=\"elementor-widget-container\">\n\t\t\t\t\t<div class=\"elementor-custom-embed\">\n\t\t\t<iframe loading=\"lazy\"\n\t\t\t\t\tsrc=\"https:\/\/maps.google.com\/maps?q=Karl-Carstens-Str.%209%2C%2052146%20W%C3%BCrselen&#038;t=m&#038;z=17&#038;output=embed&#038;iwloc=near\"\n\t\t\t\t\ttitle=\"Karl-Carstens-Str. 9, 52146 W\u00fcrselen\"\n\t\t\t\t\taria-label=\"Karl-Carstens-Str. 9, 52146 W\u00fcrselen\"\n\t\t\t><\/iframe>\n\t\t<\/div>\n\t\t\t\t<\/div>\n\t\t\t\t<\/div>\n\t\t\t\t\t<\/div>\n\t\t<\/div>\n\t\t\t\t\t\t\t<\/div>\n\t\t<\/section>\n\t\t\t\t\t\t\t<\/div>","protected":false},"excerpt":{"rendered":"<p>https:\/\/goldberg-tech.de\/wp-content\/uploads\/Data-Cloud-Cyber-Security-Title-Logo_1.mp4 Fragen, Anregungen? Erz\u00e4hlen Sie es uns. Wir h\u00f6ren zu. Email: info@goldberg-tech.de \u00d6ffnungszeiten: Montag &#8211; Freitag\u00a0 8:00 bis\u00a0 17:00 Uhr Dringend? Rufen Sie uns an. +49 (0)2405 47980<\/p>","protected":false},"author":3,"featured_media":0,"parent":0,"menu_order":0,"comment_status":"closed","ping_status":"closed","template":"","meta":{"footnotes":""},"class_list":["post-414","page","type-page","status-publish","hentry"],"yoast_head":"<!-- This site is optimized with the Yoast SEO plugin v21.5 - https:\/\/yoast.com\/wordpress\/plugins\/seo\/ -->\n<title>Kontakt - IHRE IDEE IST UNSERE LEIDENSCHAFT!<\/title>\n<meta name=\"robots\" content=\"index, follow, max-snippet:-1, max-image-preview:large, max-video-preview:-1\" \/>\n<link rel=\"canonical\" href=\"https:\/\/goldberg-tech.de\/en\/contact-us\/\" \/>\n<meta property=\"og:locale\" content=\"en_US\" \/>\n<meta property=\"og:type\" content=\"article\" \/>\n<meta property=\"og:title\" content=\"Kontakt - IHRE IDEE IST UNSERE LEIDENSCHAFT!\" \/>\n<meta property=\"og:description\" content=\"https:\/\/goldberg-tech.de\/wp-content\/uploads\/Data-Cloud-Cyber-Security-Title-Logo_1.mp4 Fragen, Anregungen? Erz\u00e4hlen Sie es uns. Wir h\u00f6ren zu. Email: info@goldberg-tech.de \u00d6ffnungszeiten: Montag &#8211; Freitag\u00a0 8:00 bis\u00a0 17:00 Uhr Dringend? Rufen Sie uns an. +49 (0)2405 47980\" \/>\n<meta property=\"og:url\" content=\"https:\/\/goldberg-tech.de\/en\/contact-us\/\" \/>\n<meta property=\"og:site_name\" content=\"IHRE IDEE IST UNSERE LEIDENSCHAFT!\" \/>\n<meta property=\"article:publisher\" content=\"https:\/\/www.facebook.com\/goldbergtech\" \/>\n<meta property=\"article:modified_time\" content=\"2024-09-24T14:28:12+00:00\" \/>\n<meta name=\"twitter:card\" content=\"summary_large_image\" \/>\n<meta name=\"twitter:label1\" content=\"Est. reading time\" \/>\n\t<meta name=\"twitter:data1\" content=\"2 minutes\" \/>\n<script type=\"application\/ld+json\" class=\"yoast-schema-graph\">{\"@context\":\"https:\/\/schema.org\",\"@graph\":[{\"@type\":\"WebPage\",\"@id\":\"https:\/\/goldberg-tech.de\/contact-us\/\",\"url\":\"https:\/\/goldberg-tech.de\/contact-us\/\",\"name\":\"Kontakt - IHRE IDEE IST UNSERE LEIDENSCHAFT!\",\"isPartOf\":{\"@id\":\"https:\/\/goldberg-tech.de\/#website\"},\"datePublished\":\"2017-12-21T09:00:47+00:00\",\"dateModified\":\"2024-09-24T14:28:12+00:00\",\"breadcrumb\":{\"@id\":\"https:\/\/goldberg-tech.de\/contact-us\/#breadcrumb\"},\"inLanguage\":\"en-US\",\"potentialAction\":[{\"@type\":\"ReadAction\",\"target\":[\"https:\/\/goldberg-tech.de\/contact-us\/\"]}]},{\"@type\":\"BreadcrumbList\",\"@id\":\"https:\/\/goldberg-tech.de\/contact-us\/#breadcrumb\",\"itemListElement\":[{\"@type\":\"ListItem\",\"position\":1,\"name\":\"Startseite\",\"item\":\"https:\/\/goldberg-tech.de\/\"},{\"@type\":\"ListItem\",\"position\":2,\"name\":\"Kontakt\"}]},{\"@type\":\"WebSite\",\"@id\":\"https:\/\/goldberg-tech.de\/#website\",\"url\":\"https:\/\/goldberg-tech.de\/\",\"name\":\"IHRE IDEE IST UNSERE LEIDENSCHAFT!\",\"description\":\"Goldberg\u00ae Ihre Idee ist unsere Leidenschaft\",\"publisher\":{\"@id\":\"https:\/\/goldberg-tech.de\/#organization\"},\"potentialAction\":[{\"@type\":\"SearchAction\",\"target\":{\"@type\":\"EntryPoint\",\"urlTemplate\":\"https:\/\/goldberg-tech.de\/?s={search_term_string}\"},\"query-input\":\"required name=search_term_string\"}],\"inLanguage\":\"en-US\"},{\"@type\":\"Organization\",\"@id\":\"https:\/\/goldberg-tech.de\/#organization\",\"name\":\"Tam Tools GmbH\",\"url\":\"https:\/\/goldberg-tech.de\/\",\"logo\":{\"@type\":\"ImageObject\",\"inLanguage\":\"en-US\",\"@id\":\"https:\/\/goldberg-tech.de\/#\/schema\/logo\/image\/\",\"url\":\"https:\/\/goldberg-tech.de\/wp-content\/uploads\/2021\/07\/logo.png\",\"contentUrl\":\"https:\/\/goldberg-tech.de\/wp-content\/uploads\/2021\/07\/logo.png\",\"width\":300,\"height\":90,\"caption\":\"Tam Tools GmbH\"},\"image\":{\"@id\":\"https:\/\/goldberg-tech.de\/#\/schema\/logo\/image\/\"},\"sameAs\":[\"https:\/\/www.facebook.com\/goldbergtech\",\"https:\/\/www.instagram.com\/goldberg_tech\/\",\"https:\/\/www.youtube.com\/channel\/UCQT_2EDKwKxRRtG4s9glrwg\"]}]}<\/script>\n<!-- \/ Yoast SEO plugin. -->","yoast_head_json":{"title":"Kontakt - IHRE IDEE IST UNSERE LEIDENSCHAFT!","robots":{"index":"index","follow":"follow","max-snippet":"max-snippet:-1","max-image-preview":"max-image-preview:large","max-video-preview":"max-video-preview:-1"},"canonical":"https:\/\/goldberg-tech.de\/en\/contact-us\/","og_locale":"en_US","og_type":"article","og_title":"Kontakt - IHRE IDEE IST UNSERE LEIDENSCHAFT!","og_description":"https:\/\/goldberg-tech.de\/wp-content\/uploads\/Data-Cloud-Cyber-Security-Title-Logo_1.mp4 Fragen, Anregungen? Erz\u00e4hlen Sie es uns. Wir h\u00f6ren zu. Email: info@goldberg-tech.de \u00d6ffnungszeiten: Montag &#8211; Freitag\u00a0 8:00 bis\u00a0 17:00 Uhr Dringend? Rufen Sie uns an. +49 (0)2405 47980","og_url":"https:\/\/goldberg-tech.de\/en\/contact-us\/","og_site_name":"IHRE IDEE IST UNSERE LEIDENSCHAFT!","article_publisher":"https:\/\/www.facebook.com\/goldbergtech","article_modified_time":"2024-09-24T14:28:12+00:00","twitter_card":"summary_large_image","twitter_misc":{"Est. reading time":"2 minutes"},"schema":{"@context":"https:\/\/schema.org","@graph":[{"@type":"WebPage","@id":"https:\/\/goldberg-tech.de\/contact-us\/","url":"https:\/\/goldberg-tech.de\/contact-us\/","name":"Kontakt - IHRE IDEE IST UNSERE LEIDENSCHAFT!","isPartOf":{"@id":"https:\/\/goldberg-tech.de\/#website"},"datePublished":"2017-12-21T09:00:47+00:00","dateModified":"2024-09-24T14:28:12+00:00","breadcrumb":{"@id":"https:\/\/goldberg-tech.de\/contact-us\/#breadcrumb"},"inLanguage":"en-US","potentialAction":[{"@type":"ReadAction","target":["https:\/\/goldberg-tech.de\/contact-us\/"]}]},{"@type":"BreadcrumbList","@id":"https:\/\/goldberg-tech.de\/contact-us\/#breadcrumb","itemListElement":[{"@type":"ListItem","position":1,"name":"Startseite","item":"https:\/\/goldberg-tech.de\/"},{"@type":"ListItem","position":2,"name":"Kontakt"}]},{"@type":"WebSite","@id":"https:\/\/goldberg-tech.de\/#website","url":"https:\/\/goldberg-tech.de\/","name":"IHRE IDEE IST UNSERE LEIDENSCHAFT!","description":"Goldberg\u00ae Ihre Idee ist unsere Leidenschaft","publisher":{"@id":"https:\/\/goldberg-tech.de\/#organization"},"potentialAction":[{"@type":"SearchAction","target":{"@type":"EntryPoint","urlTemplate":"https:\/\/goldberg-tech.de\/?s={search_term_string}"},"query-input":"required name=search_term_string"}],"inLanguage":"en-US"},{"@type":"Organization","@id":"https:\/\/goldberg-tech.de\/#organization","name":"Tam Tools GmbH","url":"https:\/\/goldberg-tech.de\/","logo":{"@type":"ImageObject","inLanguage":"en-US","@id":"https:\/\/goldberg-tech.de\/#\/schema\/logo\/image\/","url":"https:\/\/goldberg-tech.de\/wp-content\/uploads\/2021\/07\/logo.png","contentUrl":"https:\/\/goldberg-tech.de\/wp-content\/uploads\/2021\/07\/logo.png","width":300,"height":90,"caption":"Tam Tools GmbH"},"image":{"@id":"https:\/\/goldberg-tech.de\/#\/schema\/logo\/image\/"},"sameAs":["https:\/\/www.facebook.com\/goldbergtech","https:\/\/www.instagram.com\/goldberg_tech\/","https:\/\/www.youtube.com\/channel\/UCQT_2EDKwKxRRtG4s9glrwg"]}]}},"jetpack_sharing_enabled":true,"_links":{"self":[{"href":"https:\/\/goldberg-tech.de\/en\/wp-json\/wp\/v2\/pages\/414","targetHints":{"allow":["GET"]}}],"collection":[{"href":"https:\/\/goldberg-tech.de\/en\/wp-json\/wp\/v2\/pages"}],"about":[{"href":"https:\/\/goldberg-tech.de\/en\/wp-json\/wp\/v2\/types\/page"}],"author":[{"embeddable":true,"href":"https:\/\/goldberg-tech.de\/en\/wp-json\/wp\/v2\/users\/3"}],"replies":[{"embeddable":true,"href":"https:\/\/goldberg-tech.de\/en\/wp-json\/wp\/v2\/comments?post=414"}],"version-history":[{"count":262,"href":"https:\/\/goldberg-tech.de\/en\/wp-json\/wp\/v2\/pages\/414\/revisions"}],"predecessor-version":[{"id":5362,"href":"https:\/\/goldberg-tech.de\/en\/wp-json\/wp\/v2\/pages\/414\/revisions\/5362"}],"wp:attachment":[{"href":"https:\/\/goldberg-tech.de\/en\/wp-json\/wp\/v2\/media?parent=414"}],"curies":[{"name":"wp","href":"https:\/\/api.w.org\/{rel}","templated":true}]}}